{"id":777,"date":"2019-01-25T21:45:01","date_gmt":"2019-01-25T21:45:01","guid":{"rendered":"https:\/\/test.fundacionemilio.org\/?page_id=777"},"modified":"2019-04-17T15:26:50","modified_gmt":"2019-04-17T15:26:50","slug":"nuestros-logros","status":"publish","type":"page","link":"https:\/\/fundacionemilio.org\/es\/nuestros-logros\/","title":{"rendered":"Nuestros logros"},"content":{"rendered":"<p>[vc_row css_animation=\u00bb\u00bb row_type=\u00bbrow\u00bb use_row_as_full_screen_section=\u00bbno\u00bb type=\u00bbfull_width\u00bb angled_section=\u00bbno\u00bb text_align=\u00bbleft\u00bb background_image_as_pattern=\u00bbwithout_pattern\u00bb css=\u00bb.vc_custom_1548449604395{background-color: #ffffff !important;}\u00bb z_index=\u00bb\u00bb][vc_column css=\u00bb.vc_custom_1548449589225{background-color: #ffffff !important;}\u00bb][rev_slider_vc alias=\u00bbnuestros-logros\u00bb][\/vc_column][\/vc_row][vc_row css_animation=\u00bb\u00bb row_type=\u00bbrow\u00bb use_row_as_full_screen_section=\u00bbno\u00bb type=\u00bbgrid\u00bb angled_section=\u00bbno\u00bb text_align=\u00bbcenter\u00bb background_image_as_pattern=\u00bbwithout_pattern\u00bb padding_bottom=\u00bb39&#8243; css=\u00bb.vc_custom_1548449568428{background-color: #ffffff !important;background-position: center !important;background-repeat: no-repeat !important;background-size: cover !important;}\u00bb z_index=\u00bb4&#8243;][vc_column][vc_empty_space height=\u00bb80px\u00bb][vc_single_image image=\u00bb533&#8243; img_size=\u00bblarge\u00bb alignment=\u00bbcenter\u00bb qode_css_animation=\u00bb\u00bb][vc_column_text]<\/p>\n<h1 style=\"text-align: center;\">Nuestros logros y resultados<\/h1>\n<p>[\/vc_column_text][vc_empty_space height=\u00bb40px\u00bb][\/vc_column][\/vc_row][vc_row css_animation=\u00bb\u00bb row_type=\u00bbrow\u00bb use_row_as_full_screen_section=\u00bbno\u00bb type=\u00bbfull_width\u00bb angled_section=\u00bbno\u00bb text_align=\u00bbcenter\u00bb background_image_as_pattern=\u00bbwithout_pattern\u00bb background_color=\u00bb#ffffff\u00bb z_index=\u00bb\u00bb][vc_column width=\u00bb1\/6&#8243;][\/vc_column][vc_column width=\u00bb2\/3&#8243;][vc_empty_space height=\u00bb10px\u00bb][vc_column_text]Desde la constituci\u00f3n de la Fundaci\u00f3n Emilio con tu ayuda hemos logrado que cada d\u00eda sea un d\u00eda especial. Actividades como pinturas, cer\u00e1micas, manualidades, bisuter\u00eda, tardes de cine, acompa\u00f1amiento, snacks, celebraciones de cumplea\u00f1os, entre otros, siendo felices, sonriendo, jugando y viviendo un d\u00eda a la vez.[\/vc_column_text][vc_empty_space height=\u00bb70px\u00bb][\/vc_column][vc_column width=\u00bb1\/6&#8243;][\/vc_column][\/vc_row][vc_row css_animation=\u00bb\u00bb row_type=\u00bbrow\u00bb use_row_as_full_screen_section=\u00bbno\u00bb type=\u00bbfull_width\u00bb angled_section=\u00bbno\u00bb text_align=\u00bbleft\u00bb background_image_as_pattern=\u00bbwithout_pattern\u00bb z_index=\u00bb\u00bb css=\u00bb.vc_custom_1555088741803{background-color: #238579 !important;}\u00bb][vc_column][vc_single_image image=\u00bb1235&#8243; img_size=\u00bbfull\u00bb alignment=\u00bbcenter\u00bb qode_css_animation=\u00bb\u00bb][\/vc_column][\/vc_row][vc_row css_animation=\u00bb\u00bb row_type=\u00bbrow\u00bb use_row_as_full_screen_section=\u00bbno\u00bb type=\u00bbgrid\u00bb angled_section=\u00bbno\u00bb text_align=\u00bbleft\u00bb background_image_as_pattern=\u00bbwithout_pattern\u00bb z_index=\u00bb\u00bb][vc_column][vc_empty_space height=\u00bb100px\u00bb][vc_row_inner row_type=\u00bbrow\u00bb type=\u00bbfull_width\u00bb text_align=\u00bbleft\u00bb css_animation=\u00bb\u00bb][vc_column_inner width=\u00bb1\/2&#8243;][vc_single_image image=\u00bb1240&#8243; img_size=\u00bbfull\u00bb alignment=\u00bbcenter\u00bb qode_css_animation=\u00bb\u00bb][\/vc_column_inner][vc_column_inner width=\u00bb1\/2&#8243;][vc_single_image image=\u00bb1241&#8243; img_size=\u00bbfull\u00bb alignment=\u00bbcenter\u00bb qode_css_animation=\u00bb\u00bb css=\u00bb.vc_custom_1555097604586{margin-top: 60px !important;}\u00bb][\/vc_column_inner][\/vc_row_inner][vc_empty_space height=\u00bb50px\u00bb][vc_row_inner row_type=\u00bbrow\u00bb type=\u00bbfull_width\u00bb text_align=\u00bbleft\u00bb css_animation=\u00bb\u00bb][vc_column_inner width=\u00bb1\/2&#8243;][vc_single_image image=\u00bb1244&#8243; img_size=\u00bbfull\u00bb alignment=\u00bbcenter\u00bb qode_css_animation=\u00bb\u00bb][\/vc_column_inner][vc_column_inner width=\u00bb1\/2&#8243;][vc_single_image image=\u00bb1246&#8243; img_size=\u00bbfull\u00bb alignment=\u00bbcenter\u00bb qode_css_animation=\u00bb\u00bb css=\u00bb.vc_custom_1555097950049{margin-top: -10px !important;}\u00bb][\/vc_column_inner][\/vc_row_inner][vc_empty_space height=\u00bb50px\u00bb][vc_row_inner row_type=\u00bbrow\u00bb type=\u00bbfull_width\u00bb text_align=\u00bbleft\u00bb css_animation=\u00bb\u00bb][vc_column_inner][vc_single_image image=\u00bb1237&#8243; img_size=\u00bbfull\u00bb alignment=\u00bbcenter\u00bb qode_css_animation=\u00bb\u00bb][\/vc_column_inner][\/vc_row_inner][vc_empty_space height=\u00bb50px\u00bb][vc_row_inner row_type=\u00bbrow\u00bb type=\u00bbfull_width\u00bb text_align=\u00bbleft\u00bb css_animation=\u00bb\u00bb][vc_column_inner width=\u00bb1\/2&#8243;][vc_single_image image=\u00bb1248&#8243; img_size=\u00bbfull\u00bb alignment=\u00bbcenter\u00bb qode_css_animation=\u00bb\u00bb][\/vc_column_inner][vc_column_inner width=\u00bb1\/2&#8243;][vc_single_image image=\u00bb1249&#8243; img_size=\u00bbfull\u00bb alignment=\u00bbcenter\u00bb qode_css_animation=\u00bb\u00bb][\/vc_column_inner][\/vc_row_inner][vc_empty_space height=\u00bb50px\u00bb][vc_single_image image=\u00bb1254&#8243; img_size=\u00bbfull\u00bb alignment=\u00bbcenter\u00bb qode_css_animation=\u00bb\u00bb][vc_empty_space height=\u00bb50px\u00bb][vc_row_inner row_type=\u00bbrow\u00bb type=\u00bbfull_width\u00bb text_align=\u00bbleft\u00bb css_animation=\u00bb\u00bb][vc_column_inner width=\u00bb1\/2&#8243;][vc_single_image image=\u00bb1251&#8243; img_size=\u00bbfull\u00bb alignment=\u00bbcenter\u00bb qode_css_animation=\u00bb\u00bb][\/vc_column_inner][vc_column_inner width=\u00bb1\/2&#8243;][vc_single_image image=\u00bb1253&#8243; img_size=\u00bbfull\u00bb alignment=\u00bbcenter\u00bb qode_css_animation=\u00bb\u00bb][\/vc_column_inner][\/vc_row_inner][vc_empty_space height=\u00bb50px\u00bb][vc_single_image image=\u00bb1256&#8243; img_size=\u00bbfull\u00bb alignment=\u00bbcenter\u00bb qode_css_animation=\u00bb\u00bb][vc_empty_space height=\u00bb50px\u00bb][vc_single_image image=\u00bb1257&#8243; img_size=\u00bbfull\u00bb alignment=\u00bbcenter\u00bb qode_css_animation=\u00bb\u00bb][vc_empty_space height=\u00bb50px\u00bb][vc_single_image image=\u00bb1258&#8243; img_size=\u00bbfull\u00bb alignment=\u00bbcenter\u00bb qode_css_animation=\u00bb\u00bb][\/vc_column][\/vc_row][vc_row css_animation=\u00bb\u00bb row_type=\u00bbrow\u00bb use_row_as_full_screen_section=\u00bbno\u00bb type=\u00bbfull_width\u00bb angled_section=\u00bbno\u00bb text_align=\u00bbleft\u00bb background_image_as_pattern=\u00bbwithout_pattern\u00bb z_index=\u00bb\u00bb][vc_column parallax=\u00bbcontent-moving\u00bb parallax_image=\u00bb992&#8243;][vc_column_text css=\u00bb.vc_custom_1553196859848{margin-top: 50px !important;margin-left: 50px !important;}\u00bb]<\/p>\n<h2 style=\"color: #ffffff; font-size: 23pt; text-align: left;\">La totalidad de las ayudas que damos son completamente gratuitas para ellos<\/h2>\n<p>[\/vc_column_text][vc_separator type=\u00bbsmall\u00bb position=\u00bbleft\u00bb color=\u00bb#ffea55&#8243; thickness=\u00bb2&#8243; width=\u00bb650&#8243; up=\u00bb100&#8243;][vc_empty_space height=\u00bb350px\u00bb][\/vc_column][\/vc_row][vc_row css_animation=\u00bb\u00bb row_type=\u00bbrow\u00bb use_row_as_full_screen_section=\u00bbno\u00bb type=\u00bbgrid\u00bb angled_section=\u00bbno\u00bb text_align=\u00bbcenter\u00bb background_image_as_pattern=\u00bbwithout_pattern\u00bb padding_bottom=\u00bb39&#8243; css=\u00bb.vc_custom_1548449568428{background-color: #ffffff !important;background-position: center !important;background-repeat: no-repeat !important;background-size: cover !important;}\u00bb z_index=\u00bb4&#8243;][vc_column][vc_empty_space height=\u00bb80px\u00bb][vc_single_image image=\u00bb533&#8243; img_size=\u00bblarge\u00bb alignment=\u00bbcenter\u00bb qode_css_animation=\u00bb\u00bb][vc_column_text]<\/p>\n<h1 style=\"text-align: center;\">Testimonios<\/h1>\n<p>[\/vc_column_text][vc_empty_space height=\u00bb40px\u00bb][vc_row_inner row_type=\u00bbrow\u00bb type=\u00bbgrid\u00bb text_align=\u00bbleft\u00bb css_animation=\u00bb\u00bb][vc_column_inner width=\u00bb1\/2&#8243;][vc_video link=\u00bbhttps:\/\/youtu.be\/rPUgL-Yb70k\u00bb align=\u00bbcenter\u00bb][vc_empty_space height=\u00bb40px\u00bb][vc_video link=\u00bbhttps:\/\/youtu.be\/g7cwPlnjLk8&#8243; align=\u00bbcenter\u00bb][vc_empty_space height=\u00bb40px\u00bb][vc_video link=\u00bbhttps:\/\/youtu.be\/HqcsBv2kfog\u00bb align=\u00bbcenter\u00bb][\/vc_column_inner][vc_column_inner width=\u00bb1\/2&#8243;][vc_video link=\u00bbhttps:\/\/youtu.be\/MLpPu1otcu8&#8243; align=\u00bbcenter\u00bb][vc_empty_space height=\u00bb40px\u00bb][vc_video link=\u00bbhttps:\/\/youtu.be\/YblsOh_br-E\u00bb align=\u00bbcenter\u00bb][\/vc_column_inner][\/vc_row_inner]<div class=\"qode_video_box\">\n\t<a itemprop=\"image\" class=\"qode_video_image\" href=\"https:\/\/test.fundacionemilio.org\/wp-content\/uploads\/2019\/01\/fundacion-emilio-testimonio.mp4\" data-rel=\"prettyPhoto\">\n\t\t\t<\/a>\n<\/div>[\/vc_column][\/vc_row][vc_row css_animation=\u00bb\u00bb row_type=\u00bbrow\u00bb use_row_as_full_screen_section=\u00bbno\u00bb type=\u00bbfull_width\u00bb angled_section=\u00bbno\u00bb text_align=\u00bbleft\u00bb background_image_as_pattern=\u00bbwithout_pattern\u00bb background_color=\u00bb#ffffff\u00bb z_index=\u00bb\u00bb][vc_column][vc_empty_space height=\u00bb50px\u00bb][vc_single_image image=\u00bb611&#8243; img_size=\u00bbfull\u00bb alignment=\u00bbcenter\u00bb qode_css_animation=\u00bb\u00bb][vc_empty_space height=\u00bb50px\u00bb][\/vc_column][\/vc_row]<\/p>\n","protected":false},"excerpt":{"rendered":"<p>[vc_row css_animation=\u00bb\u00bb row_type=\u00bbrow\u00bb use_row_as_full_screen_section=\u00bbno\u00bb type=\u00bbfull_width\u00bb angled_section=\u00bbno\u00bb text_align=\u00bbleft\u00bb background_image_as_pattern=\u00bbwithout_pattern\u00bb css=\u00bb.vc_custom_1548449604395{background-color: #ffffff !important;}\u00bb z_index=\u00bb\u00bb][vc_column css=\u00bb.vc_custom_1548449589225{background-color: #ffffff !important;}\u00bb][rev_slider_vc alias=\u00bbnuestros-logros\u00bb][\/vc_column][\/vc_row][vc_row css_animation=\u00bb\u00bb row_type=\u00bbrow\u00bb use_row_as_full_screen_section=\u00bbno\u00bb type=\u00bbgrid\u00bb angled_section=\u00bbno\u00bb text_align=\u00bbcenter\u00bb background_image_as_pattern=\u00bbwithout_pattern\u00bb padding_bottom=\u00bb39&#8243; css=\u00bb.vc_custom_1548449568428{background-color: #ffffff !important;background-position: center !important;background-repeat: no-repeat !important;background-size: cover !important;}\u00bb z_index=\u00bb4&#8243;][vc_column][vc_empty_space height=\u00bb80px\u00bb][vc_single_image image=\u00bb533&#8243; img_size=\u00bblarge\u00bb alignment=\u00bbcenter\u00bb qode_css_animation=\u00bb\u00bb][vc_column_text] Nuestros logros y resultados [\/vc_column_text][vc_empty_space height=\u00bb40px\u00bb][\/vc_column][\/vc_row][vc_row&#8230;<\/p>\n","protected":false},"author":1,"featured_media":0,"parent":0,"menu_order":0,"comment_status":"closed","ping_status":"closed","template":"full_width.php","meta":{"footnotes":""},"class_list":["post-777","page","type-page","status-publish","hentry"],"_links":{"self":[{"href":"https:\/\/fundacionemilio.org\/es\/wp-json\/wp\/v2\/pages\/777","targetHints":{"allow":["GET"]}}],"collection":[{"href":"https:\/\/fundacionemilio.org\/es\/wp-json\/wp\/v2\/pages"}],"about":[{"href":"https:\/\/fundacionemilio.org\/es\/wp-json\/wp\/v2\/types\/page"}],"author":[{"embeddable":true,"href":"https:\/\/fundacionemilio.org\/es\/wp-json\/wp\/v2\/users\/1"}],"replies":[{"embeddable":true,"href":"https:\/\/fundacionemilio.org\/es\/wp-json\/wp\/v2\/comments?post=777"}],"version-history":[{"count":35,"href":"https:\/\/fundacionemilio.org\/es\/wp-json\/wp\/v2\/pages\/777\/revisions"}],"predecessor-version":[{"id":1285,"href":"https:\/\/fundacionemilio.org\/es\/wp-json\/wp\/v2\/pages\/777\/revisions\/1285"}],"wp:attachment":[{"href":"https:\/\/fundacionemilio.org\/es\/wp-json\/wp\/v2\/media?parent=777"}],"curies":[{"name":"wp","href":"https:\/\/api.w.org\/{rel}","templated":true}]}}