{"id":746,"date":"2019-01-25T16:34:43","date_gmt":"2019-01-25T16:34:43","guid":{"rendered":"https:\/\/test.fundacionemilio.org\/?page_id=746"},"modified":"2024-09-17T19:21:07","modified_gmt":"2024-09-17T19:21:07","slug":"donaciones","status":"publish","type":"page","link":"https:\/\/fundacionemilio.org\/es\/donaciones\/","title":{"rendered":"Donaciones"},"content":{"rendered":"<p>[vc_row css_animation=\u00bb\u00bb row_type=\u00bbrow\u00bb use_row_as_full_screen_section=\u00bbno\u00bb type=\u00bbfull_width\u00bb angled_section=\u00bbno\u00bb text_align=\u00bbleft\u00bb background_image_as_pattern=\u00bbwithout_pattern\u00bb css=\u00bb.vc_custom_1548449604395{background-color: #ffffff !important;}\u00bb z_index=\u00bb\u00bb][vc_column css=\u00bb.vc_custom_1548449589225{background-color: #ffffff !important;}\u00bb][rev_slider_vc alias=\u00bbdonaciones\u00bb][\/vc_column][\/vc_row][vc_row css_animation=\u00bb\u00bb row_type=\u00bbrow\u00bb use_row_as_full_screen_section=\u00bbno\u00bb type=\u00bbgrid\u00bb angled_section=\u00bbno\u00bb text_align=\u00bbcenter\u00bb background_image_as_pattern=\u00bbwithout_pattern\u00bb padding_bottom=\u00bb39&#8243; css=\u00bb.vc_custom_1548449568428{background-color: #ffffff !important;background-position: center !important;background-repeat: no-repeat !important;background-size: cover !important;}\u00bb z_index=\u00bb4&#8243;][vc_column][vc_empty_space height=\u00bb80px\u00bb][vc_single_image image=\u00bb533&#8243; img_size=\u00bblarge\u00bb alignment=\u00bbcenter\u00bb qode_css_animation=\u00bb\u00bb][vc_column_text]<\/p>\n<h1 style=\"text-align: center;\">Donaciones<\/h1>\n<p>[\/vc_column_text][vc_empty_space height=\u00bb40px\u00bb][\/vc_column][\/vc_row][vc_row css_animation=\u00bb\u00bb row_type=\u00bbrow\u00bb use_row_as_full_screen_section=\u00bbno\u00bb type=\u00bbfull_width\u00bb angled_section=\u00bbno\u00bb text_align=\u00bbcenter\u00bb background_image_as_pattern=\u00bbwithout_pattern\u00bb background_color=\u00bb#ffffff\u00bb z_index=\u00bb\u00bb][vc_column width=\u00bb1\/6&#8243;][\/vc_column][vc_column width=\u00bb2\/3&#8243;][vc_empty_space height=\u00bb10px\u00bb][vc_column_text]<\/p>\n<p style=\"text-align: center;\">Todos nuestros proyectos requieres de importantes recursos, no s\u00f3lo para llevarlos acabo, sino sostenerlos en el tiempo. De la misma manera, la mayor\u00eda de ni\u00f1os y sus familias a quienes se les proporciona alg\u00fan tipo de ayuda o servicio, son de muy escasos recursos y se encuentran en un estado de necesidad apremiante.<\/p>\n<p>&nbsp;<\/p>\n<p style=\"text-align: center;\">La transparencia es uno de nuestros principios que mantiene a la Fundaci\u00f3n, si necesitas m\u00e1s informaci\u00f3n, cont\u00e1ctanos.<\/p>\n<p>[\/vc_column_text][vc_empty_space height=\u00bb70px\u00bb][\/vc_column][vc_column width=\u00bb1\/6&#8243;][\/vc_column][\/vc_row][vc_row css_animation=\u00bb\u00bb row_type=\u00bbrow\u00bb use_row_as_full_screen_section=\u00bbno\u00bb type=\u00bbfull_width\u00bb angled_section=\u00bbno\u00bb text_align=\u00bbleft\u00bb background_image=\u00bb1272&#8243; background_image_as_pattern=\u00bbwithout_pattern\u00bb z_index=\u00bb\u00bb][vc_column parallax=\u00bbcontent-moving\u00bb parallax_image=\u00bb843&#8243;][vc_column_text css=\u00bb.vc_custom_1554485233470{margin-top: 400px !important;margin-bottom: 50px !important;margin-left: 50px !important;}\u00bb]<\/p>\n<h1 style=\"color: #ffffff; font-size: 23pt; text-align: center;\"><strong>La totalidad de las ayudas que damos son completamente gratuitas para ellos<\/strong><\/h1>\n<p>[\/vc_column_text][\/vc_column][\/vc_row][vc_row css_animation=\u00bb\u00bb row_type=\u00bbrow\u00bb use_row_as_full_screen_section=\u00bbno\u00bb type=\u00bbfull_width\u00bb angled_section=\u00bbno\u00bb text_align=\u00bbleft\u00bb background_image_as_pattern=\u00bbwithout_pattern\u00bb css=\u00bb.vc_custom_1555102773291{background-color: #f44253 !important;}\u00bb z_index=\u00bb\u00bb][vc_column width=\u00bb1\/6&#8243;][\/vc_column][vc_column width=\u00bb2\/3&#8243; css=\u00bb.vc_custom_1548447590676{margin-top: 40px !important;}\u00bb][vc_empty_space height=\u00bb50px\u00bb][vc_column_text]<\/p>\n<h3 style=\"color: #ffffff; font-size: 20pt; text-align: center;\"><strong>POR ESA RAZ\u00d3N TU AYUDA ES MUY IMPORTANTE PARA NOSOTROS YA QUE NOS PERMITIR\u00c1 CONTINUAR CON NUESTRA LABOR<\/strong><\/h3>\n<p>[\/vc_column_text][vc_single_image image=\u00bb499&#8243; img_size=\u00bbfull\u00bb alignment=\u00bbcenter\u00bb qode_css_animation=\u00bb\u00bb css=\u00bb.vc_custom_1548448658475{margin-top: 20px !important;}\u00bb][vc_empty_space height=\u00bb50px\u00bb][\/vc_column][vc_column width=\u00bb1\/6&#8243;][\/vc_column][\/vc_row][vc_row css_animation=\u00bb\u00bb row_type=\u00bbrow\u00bb use_row_as_full_screen_section=\u00bbno\u00bb type=\u00bbgrid\u00bb angled_section=\u00bbno\u00bb text_align=\u00bbleft\u00bb background_image_as_pattern=\u00bbwithout_pattern\u00bb z_index=\u00bb\u00bb css=\u00bb.vc_custom_1554495715786{margin-top: 50px !important;}\u00bb][vc_column width=\u00bb1\/4&#8243;][vc_row_inner row_type=\u00bbrow\u00bb type=\u00bbfull_width\u00bb text_align=\u00bbleft\u00bb css_animation=\u00bb\u00bb][vc_column_inner][vc_single_image image=\u00bb763&#8243; img_size=\u00bbfull\u00bb alignment=\u00bbcenter\u00bb qode_css_animation=\u00bb\u00bb css=\u00bb.vc_custom_1548452225082{margin-top: 60px !important;}\u00bb][\/vc_column_inner][\/vc_row_inner][\/vc_column][vc_column width=\u00bb3\/4&#8243;][vc_column_text]<\/p>\n<h2 style=\"color: #f44253; font-size: 18pt;\"><strong>Dona Dinero<\/strong><\/h2>\n<p>[\/vc_column_text][vc_column_text css=\u00bb.vc_custom_1551738144596{margin-top: 20px !important;}\u00bb]\u00a1Danos la mano!<span class=\"color_33\">&nbsp;Realiza una donaci\u00f3n mensual, semestral o anual de una cantidad fija con cargo a tarjeta de cr\u00e9dito o d\u00e9bito.<\/span>[\/vc_column_text][vc_empty_space height=\u00bb30px\u00bb]<a  itemprop=\"url\" href=\"https:\/\/checkout.wompi.co\/l\/yTxkc1\" target=\"_blank\" data-hover-background-color=#f44253 data-hover-color=#ffffff class=\"qbutton  medium center default\" style=\"color: #ffffff; border-radius: 0px;-moz-border-radius: 0px;-webkit-border-radius: 0px; background-color: #112856;\">DONA AHORA<\/a>[vc_empty_space height=\u00bb65px\u00bb][vc_column_text]<\/p>\n<p>&nbsp; &nbsp;&nbsp;<\/p>\n<p>&nbsp;<\/p>\n<h3 style=\"text-align: left;\"><strong><span style=\"color: #238779;\">M\u00e1s informaci\u00f3n<\/span><\/strong><\/h3>\n<p>[\/vc_column_text][vc_empty_space height=\u00bb65px\u00bb]<div class='q_icon_with_title tiny normal_icon center qode-iwt-content-alignment-left '><div class=\"icon_holder \" style=\" \"><span data-icon-type=\"normal\"   style=\"\" class=\"qode_iwt_icon_holder q_font_awsome_icon fa-lg  \"><i class=\"qode_icon_font_awesome fa  qode_iwt_icon_element\" style=\"\" ><\/i><\/span><\/div><div class=\"icon_text_holder\" style=\"\"><div class=\"icon_text_inner\" style=\"\"><h5 class=\"icon_title\" style=\"\">318 290 4549 \u00b7 318 290 6406<\/h5><p style=''><\/p><\/div><\/div><\/div>[\/vc_column][\/vc_row][vc_row css_animation=\u00bb\u00bb row_type=\u00bbrow\u00bb use_row_as_full_screen_section=\u00bbno\u00bb type=\u00bbgrid\u00bb angled_section=\u00bbno\u00bb text_align=\u00bbleft\u00bb background_image_as_pattern=\u00bbwithout_pattern\u00bb css=\u00bb.vc_custom_1554486364746{background-color: #ffffff !important;}\u00bb z_index=\u00bb\u00bb][vc_column][vc_separator type=\u00bbnormal\u00bb color=\u00bb#ffea55&#8243; up=\u00bb50&#8243;][vc_row_inner row_type=\u00bbrow\u00bb type=\u00bbfull_width\u00bb text_align=\u00bbleft\u00bb css_animation=\u00bb\u00bb css=\u00bb.vc_custom_1548451117002{margin-top: 50px !important;}\u00bb][vc_column_inner width=\u00bb1\/4&#8243;][vc_single_image image=\u00bb764&#8243; img_size=\u00bbfull\u00bb alignment=\u00bbcenter\u00bb qode_css_animation=\u00bb\u00bb css=\u00bb.vc_custom_1548452567033{margin-top: 40px !important;}\u00bb][\/vc_column_inner][vc_column_inner width=\u00bb3\/4&#8243;][vc_column_text]<\/p>\n<h2 style=\"color: #f44253; font-size: 18pt;\"><strong>Dona tiempo<\/strong><\/h2>\n<p>[\/vc_column_text][vc_column_text css=\u00bb.vc_custom_1551909125666{margin-top: 20px !important;margin-bottom: 20px !important;}\u00bb]<\/p>\n<p class=\"font_8\"><span class=\"color_33\">Si tienes tiempo, ganas de ayudar y deseas ser parte del voluntariado de nuestra fundaci\u00f3n..<\/span><\/p>\n<blockquote>\n<p style=\"text-align: center;\">&nbsp;<\/p>\n<\/blockquote>\n<p>[\/vc_column_text]<a  itemprop=\"url\" href=\"mailto:contacto@fundacionemilio.org, administrativo@fundacionemilio.org\" target=\"_self\"  class=\"qbutton  medium center default\" style=\"\">ESCR\u00cdBENOS<\/a>[vc_column_text css=\u00bb.vc_custom_1551908831197{margin-top: 20px !important;}\u00bb]<strong>Requisitos:<\/strong><\/p>\n<p>&nbsp;<\/p>\n<ul>\n<li class=\"font_8\"><span class=\"color_33\">Disponer de tiempo libre<\/span><\/li>\n<li class=\"font_8\"><span class=\"color_33\">Ganas de ayudar<\/span><\/li>\n<li class=\"font_8\"><span class=\"color_33\">Mucha motivaci\u00f3n<\/span><\/li>\n<li class=\"font_8\"><span class=\"color_33\">Siempre mostrar una sonrisa<\/span><\/li>\n<\/ul>\n<p>&nbsp;<\/p>\n<p><strong>Beneficios:<\/strong><\/p>\n<p>&nbsp;<\/p>\n<ul>\n<li class=\"font_8\"><span class=\"color_33\">Sentirte \u00fatil<\/span><\/li>\n<li class=\"font_8\"><span class=\"color_33\">Mayor confianza en s\u00ed mismo<\/span><\/li>\n<li class=\"font_8\"><span class=\"color_33\">Mejorar la comunidad<\/span><\/li>\n<li class=\"font_8\"><span class=\"color_33\">Conocer a otras personas<\/span><\/li>\n<li class=\"font_8\"><span class=\"color_33\">Ayudar a los dem\u00e1s<\/span><\/li>\n<\/ul>\n<p>[\/vc_column_text][vc_empty_space height=\u00bb30px\u00bb][vc_column_text]<\/p>\n<h3 style=\"text-align: left;\"><strong><span style=\"color: #238779;\">M\u00e1s informaci\u00f3n<\/span><\/strong><\/h3>\n<p>[\/vc_column_text]<div class='q_icon_with_title tiny normal_icon center qode-iwt-content-alignment-left '><div class=\"icon_holder \" style=\" \"><span data-icon-type=\"normal\"   style=\"\" class=\"qode_iwt_icon_holder q_font_awsome_icon fa-lg  \"><i class=\"qode_icon_font_awesome fa  qode_iwt_icon_element\" style=\"\" ><\/i><\/span><\/div><div class=\"icon_text_holder\" style=\"\"><div class=\"icon_text_inner\" style=\"\"><h5 class=\"icon_title\" style=\"\">318 290 4549 \u00b7 318 290 6406<\/h5><p style=''><\/p><\/div><\/div><\/div>[vc_empty_space height=\u00bb65px\u00bb][\/vc_column_inner][\/vc_row_inner][vc_separator type=\u00bbnormal\u00bb color=\u00bb#ffea55&#8243; up=\u00bb50&#8243;][vc_row_inner row_type=\u00bbrow\u00bb type=\u00bbfull_width\u00bb text_align=\u00bbleft\u00bb css_animation=\u00bb\u00bb css=\u00bb.vc_custom_1548451117002{margin-top: 50px !important;}\u00bb][vc_column_inner width=\u00bb1\/4&#8243;][vc_single_image image=\u00bb765&#8243; img_size=\u00bbfull\u00bb alignment=\u00bbcenter\u00bb qode_css_animation=\u00bb\u00bb css=\u00bb.vc_custom_1548452525958{margin-top: 40px !important;}\u00bb][\/vc_column_inner][vc_column_inner width=\u00bb3\/4&#8243;][vc_column_text]<\/p>\n<h2 style=\"color: #f44253; font-size: 18pt;\"><strong>Dona juguetes<\/strong><\/h2>\n<p>[\/vc_column_text][vc_column_text css=\u00bb.vc_custom_1551909489430{margin-top: 20px !important;margin-bottom: 20px !important;}\u00bb]<\/p>\n<p class=\"font_8\"><span class=\"color_33\">Debido a la baja defensa del sistema inmune en pacientes, lo ideal es recibir juguetes nuevos, sin embargo pueden ser juguetes limpios y en buen estado.&nbsp;<\/span><\/p>\n<p>[\/vc_column_text]<a  itemprop=\"url\" href=\"mailto:contacto@fundacionemilio.org, administrativo@fundacionemilio.org\" target=\"_self\"  class=\"qbutton  medium center default\" style=\"\">CONT\u00c1CTANOS<\/a>[vc_empty_space height=\u00bb30px\u00bb][vc_column_text]<\/p>\n<h3 style=\"text-align: left;\"><strong><span style=\"color: #238779;\">M\u00e1s informaci\u00f3n<\/span><\/strong><\/h3>\n<p>[\/vc_column_text]<div class='q_icon_with_title tiny normal_icon center qode-iwt-content-alignment-left '><div class=\"icon_holder \" style=\" \"><span data-icon-type=\"normal\"   style=\"\" class=\"qode_iwt_icon_holder q_font_awsome_icon fa-lg  \"><i class=\"qode_icon_font_awesome fa  qode_iwt_icon_element\" style=\"\" ><\/i><\/span><\/div><div class=\"icon_text_holder\" style=\"\"><div class=\"icon_text_inner\" style=\"\"><h5 class=\"icon_title\" style=\"\">318 290 4549 \u00b7 318 290 6406<\/h5><p style=''><\/p><\/div><\/div><\/div>[\/vc_column_inner][\/vc_row_inner][vc_separator type=\u00bbnormal\u00bb color=\u00bb#ffea55&#8243; up=\u00bb50&#8243;][vc_row_inner row_type=\u00bbrow\u00bb type=\u00bbfull_width\u00bb text_align=\u00bbleft\u00bb css_animation=\u00bb\u00bb css=\u00bb.vc_custom_1548451117002{margin-top: 50px !important;}\u00bb][vc_column_inner width=\u00bb1\/4&#8243;][vc_single_image image=\u00bb766&#8243; img_size=\u00bbfull\u00bb alignment=\u00bbcenter\u00bb qode_css_animation=\u00bb\u00bb css=\u00bb.vc_custom_1548452639438{margin-top: 20px !important;}\u00bb][\/vc_column_inner][vc_column_inner width=\u00bb3\/4&#8243;][vc_column_text]<\/p>\n<h2 style=\"color: #f44253; font-size: 18pt;\"><strong>Dona despensas y kit de aseo<\/strong><\/h2>\n<p>[\/vc_column_text][vc_column_text css=\u00bb.vc_custom_1554239485870{margin-top: 20px !important;}\u00bb]<\/p>\n<p class=\"font_8\"><span class=\"color_33\">Como parte de la atenci\u00f3n integral en apoyo a familias de ni\u00f1os con c\u00e1ncer, recibimos despensas las cuales estaremos entregando inmediatamente<\/span><\/p>\n<p>&nbsp;<\/p>\n<h3 class=\"font_8\"><strong><span class=\"color_33\" style=\"color: #2fa36e;\"> \u00a1Ay\u00fadanos a ayudar!<\/span><\/strong><\/h3>\n<p>&nbsp;<\/p>\n<p><strong><span class=\"color_33\">*Arroz, frijol, lentejas, sopas de pasta, aceite, sal, az\u00facar, cereal, leche en polvo etc.<br \/>\n*Pa\u00f1ales, crema dental, jab\u00f3n, pa\u00f1itos h\u00famedos, cepillo de dientes, shampoo, etc.<\/span><\/strong>[\/vc_column_text][vc_empty_space height=\u00bb30px\u00bb]<a  itemprop=\"url\" href=\"mailto:contacto@fundacionemilio.org, administrativo@fundacionemilio.org\" target=\"_self\"  class=\"qbutton  medium center default\" style=\"\">CONT\u00c1CTANOS<\/a>[vc_empty_space height=\u00bb30px\u00bb][vc_column_text]<\/p>\n<h3 style=\"text-align: left;\"><strong><span style=\"color: #238779;\">M\u00e1s informaci\u00f3n<\/span><\/strong><\/h3>\n<p>[\/vc_column_text]<div class='q_icon_with_title tiny normal_icon center qode-iwt-content-alignment-left '><div class=\"icon_holder \" style=\" \"><span data-icon-type=\"normal\"   style=\"\" class=\"qode_iwt_icon_holder q_font_awsome_icon fa-lg  \"><i class=\"qode_icon_font_awesome fa  qode_iwt_icon_element\" style=\"\" ><\/i><\/span><\/div><div class=\"icon_text_holder\" style=\"\"><div class=\"icon_text_inner\" style=\"\"><h5 class=\"icon_title\" style=\"\">318 290 4549 \u00b7 318 290 6406<\/h5><p style=''><\/p><\/div><\/div><\/div>[\/vc_column_inner][\/vc_row_inner][vc_separator type=\u00bbnormal\u00bb color=\u00bb#ffea55&#8243; up=\u00bb50&#8243;][vc_row_inner row_type=\u00bbrow\u00bb type=\u00bbfull_width\u00bb text_align=\u00bbleft\u00bb css_animation=\u00bb\u00bb][vc_column_inner width=\u00bb1\/2&#8243;][\/vc_column_inner][vc_column_inner width=\u00bb1\/2&#8243;][\/vc_column_inner][\/vc_row_inner][\/vc_column][\/vc_row][vc_row css_animation=\u00bb\u00bb row_type=\u00bbrow\u00bb use_row_as_full_screen_section=\u00bbno\u00bb type=\u00bbfull_width\u00bb angled_section=\u00bbno\u00bb text_align=\u00bbleft\u00bb background_image_as_pattern=\u00bbwithout_pattern\u00bb background_color=\u00bb#ffffff\u00bb z_index=\u00bb\u00bb][vc_column][vc_column_text css=\u00bb.vc_custom_1551909531843{margin-top: 50px !important;}\u00bb]<\/p>\n<h2 style=\"color: #2fa86e; font-size: 30pt; text-align: center;\">\u00b7 Infinitas gracias siempre \u00b7<\/h2>\n<p>[\/vc_column_text][vc_empty_space height=\u00bb50px\u00bb][vc_single_image image=\u00bb611&#8243; img_size=\u00bbfull\u00bb alignment=\u00bbcenter\u00bb qode_css_animation=\u00bb\u00bb][vc_empty_space height=\u00bb50px\u00bb][\/vc_column][\/vc_row]<\/p>\n","protected":false},"excerpt":{"rendered":"<p>[vc_row css_animation=\u00bb\u00bb row_type=\u00bbrow\u00bb use_row_as_full_screen_section=\u00bbno\u00bb type=\u00bbfull_width\u00bb angled_section=\u00bbno\u00bb text_align=\u00bbleft\u00bb background_image_as_pattern=\u00bbwithout_pattern\u00bb css=\u00bb.vc_custom_1548449604395{background-color: #ffffff !important;}\u00bb z_index=\u00bb\u00bb][vc_column css=\u00bb.vc_custom_1548449589225{background-color: #ffffff !important;}\u00bb][rev_slider_vc alias=\u00bbdonaciones\u00bb][\/vc_column][\/vc_row][vc_row css_animation=\u00bb\u00bb row_type=\u00bbrow\u00bb use_row_as_full_screen_section=\u00bbno\u00bb type=\u00bbgrid\u00bb angled_section=\u00bbno\u00bb text_align=\u00bbcenter\u00bb background_image_as_pattern=\u00bbwithout_pattern\u00bb padding_bottom=\u00bb39&#8243; css=\u00bb.vc_custom_1548449568428{background-color: #ffffff !important;background-position: center !important;background-repeat: no-repeat !important;background-size: cover !important;}\u00bb z_index=\u00bb4&#8243;][vc_column][vc_empty_space height=\u00bb80px\u00bb][vc_single_image image=\u00bb533&#8243; img_size=\u00bblarge\u00bb alignment=\u00bbcenter\u00bb qode_css_animation=\u00bb\u00bb][vc_column_text] Donaciones [\/vc_column_text][vc_empty_space height=\u00bb40px\u00bb][\/vc_column][\/vc_row][vc_row css_animation=\u00bb\u00bb row_type=\u00bbrow\u00bb use_row_as_full_screen_section=\u00bbno\u00bb&#8230;<\/p>\n","protected":false},"author":1,"featured_media":0,"parent":0,"menu_order":0,"comment_status":"closed","ping_status":"closed","template":"full_width.php","meta":{"footnotes":""},"class_list":["post-746","page","type-page","status-publish","hentry"],"_links":{"self":[{"href":"https:\/\/fundacionemilio.org\/es\/wp-json\/wp\/v2\/pages\/746","targetHints":{"allow":["GET"]}}],"collection":[{"href":"https:\/\/fundacionemilio.org\/es\/wp-json\/wp\/v2\/pages"}],"about":[{"href":"https:\/\/fundacionemilio.org\/es\/wp-json\/wp\/v2\/types\/page"}],"author":[{"embeddable":true,"href":"https:\/\/fundacionemilio.org\/es\/wp-json\/wp\/v2\/users\/1"}],"replies":[{"embeddable":true,"href":"https:\/\/fundacionemilio.org\/es\/wp-json\/wp\/v2\/comments?post=746"}],"version-history":[{"count":57,"href":"https:\/\/fundacionemilio.org\/es\/wp-json\/wp\/v2\/pages\/746\/revisions"}],"predecessor-version":[{"id":1398,"href":"https:\/\/fundacionemilio.org\/es\/wp-json\/wp\/v2\/pages\/746\/revisions\/1398"}],"wp:attachment":[{"href":"https:\/\/fundacionemilio.org\/es\/wp-json\/wp\/v2\/media?parent=746"}],"curies":[{"name":"wp","href":"https:\/\/api.w.org\/{rel}","templated":true}]}}