{"id":714,"date":"2019-01-24T15:06:18","date_gmt":"2019-01-24T15:06:18","guid":{"rendered":"https:\/\/test.fundacionemilio.org\/?page_id=714"},"modified":"2025-12-03T15:30:39","modified_gmt":"2025-12-03T15:30:39","slug":"se-parte-de-nosotros","status":"publish","type":"page","link":"https:\/\/fundacionemilio.org\/es\/se-parte-de-nosotros\/","title":{"rendered":"S\u00e9 parte de nosotros"},"content":{"rendered":"<p>[vc_row css_animation=\u00bb\u00bb row_type=\u00bbrow\u00bb use_row_as_full_screen_section=\u00bbno\u00bb type=\u00bbfull_width\u00bb angled_section=\u00bbno\u00bb text_align=\u00bbleft\u00bb background_image_as_pattern=\u00bbwithout_pattern\u00bb][vc_column][rev_slider_vc alias=\u00bbse-parte-de-nosotros\u00bb][\/vc_column][\/vc_row][vc_row css_animation=\u00bb\u00bb row_type=\u00bbrow\u00bb use_row_as_full_screen_section=\u00bbno\u00bb type=\u00bbgrid\u00bb angled_section=\u00bbno\u00bb text_align=\u00bbcenter\u00bb background_image_as_pattern=\u00bbwithout_pattern\u00bb padding_bottom=\u00bb39&#8243; css=\u00bb.vc_custom_1526025235376{background-color: #ffffff !important;background-position: center !important;background-repeat: no-repeat !important;background-size: cover !important;}\u00bb z_index=\u00bb4&#8243;][vc_column][vc_empty_space height=\u00bb60px\u00bb][vc_single_image image=\u00bb533&#8243; img_size=\u00bblarge\u00bb alignment=\u00bbcenter\u00bb qode_css_animation=\u00bb\u00bb][vc_column_text]<\/p>\n<h1 style=\"text-align: center;\">S\u00e9 parte de nosotros<\/h1>\n<p>[\/vc_column_text][vc_empty_space][\/vc_column][\/vc_row][vc_row css_animation=\u00bb\u00bb row_type=\u00bbrow\u00bb use_row_as_full_screen_section=\u00bbno\u00bb type=\u00bbfull_width\u00bb angled_section=\u00bbno\u00bb text_align=\u00bbleft\u00bb background_image_as_pattern=\u00bbwithout_pattern\u00bb css=\u00bb.vc_custom_1548346514118{background-color: #ffffff !important;}\u00bb z_index=\u00bb\u00bb][vc_column width=\u00bb1\/6&#8243;][\/vc_column][vc_column width=\u00bb2\/3&#8243;][vc_row_inner row_type=\u00bbrow\u00bb type=\u00bbfull_width\u00bb text_align=\u00bbleft\u00bb css_animation=\u00bb\u00bb][vc_column_inner width=\u00bb1\/3&#8243;][vc_column_text]<\/p>\n<h4 style=\"color: #f44253; font-size: 17pt; text-align: center;\">COMO VOLUNTARIO<\/h4>\n<p>[\/vc_column_text][vc_empty_space height=\u00bb20px\u00bb][vc_single_image image=\u00bb716&#8243; img_size=\u00bbfull\u00bb alignment=\u00bbcenter\u00bb qode_css_animation=\u00bb\u00bb css=\u00bb.vc_custom_1548348366107{margin-top: 20px !important;margin-bottom: 20px !important;}\u00bb][vc_empty_space height=\u00bb15px\u00bb][vc_column_text css=\u00bb.vc_custom_1548433018952{margin-right: 22px !important;margin-left: 22px !important;}\u00bb]Muchas actividades de la Fundaci\u00f3n son posibles por el trabajo incondicional de nuestros voluntarios que apoyan en todo tipo de labores tales como acompa\u00f1amiento y juego con los ni\u00f1os, organizaci\u00f3n de talleres creativos, clasificaci\u00f3n de las donaciones, recaudaci\u00f3n fondos, organizaci\u00f3n de eventos y asesor\u00eda profesional.[\/vc_column_text][vc_column_text css=\u00bb.vc_custom_1548433449281{margin-top: 20px !important;margin-right: 20px !important;margin-left: 20px !important;}\u00bb]<\/p>\n<h4 style=\"color: #f44253; font-size: 11pt; text-align: center;\">NUESTROS VOLUNTARIOS SON LO M\u00c1S VALIOSO DE LA FUNDACI\u00d3N<\/h4>\n<p>[\/vc_column_text][vc_empty_space height=\u00bb\u00bb css=\u00bb.vc_custom_1555084102747{margin-top: 15% !important;}\u00bb]<a  itemprop=\"url\" href=\"https:\/\/fundacionemilio.org\/contacto\/\" target=\"_blank\" data-hover-background-color=#2fa86e data-hover-color=#ffffff class=\"qbutton  medium center default\" style=\"color: #ffffff; margin: 0; border-radius: 0px;-moz-border-radius: 0px;-webkit-border-radius: 0px; background-color: #f44253;\">SOLICITA M\u00c1S INFORMACI\u00d3N<\/a>[vc_empty_space height=\u00bb80px\u00bb][\/vc_column_inner][vc_column_inner width=\u00bb1\/3&#8243;][vc_column_text]<\/p>\n<h4 style=\"color: #f44253; font-size: 17pt; text-align: center;\">COMO PATROCINADOR<\/h4>\n<p>[\/vc_column_text][vc_empty_space height=\u00bb20px\u00bb][vc_single_image image=\u00bb1131&#8243; img_size=\u00bbfull\u00bb alignment=\u00bbcenter\u00bb qode_css_animation=\u00bb\u00bb css=\u00bb.vc_custom_1554236535675{margin-top: 20px !important;margin-bottom: 20px !important;}\u00bb][vc_empty_space height=\u00bb15px\u00bb][vc_column_text css=\u00bb.vc_custom_1554236720362{margin-right: 22px !important;margin-left: 22px !important;}\u00bb]Si tienes una empresa o haces parte de una y quisieras ayudar podemos coordinar diferentes actividades que pueden ser financiadas de esta manera; ya sea como patrocinadores oficiales permanentes, para el sostenimiento de la fundaci\u00f3n y sus actividades o de manera espec\u00edfica para proyectos puntuales.[\/vc_column_text][vc_column_text css=\u00bb.vc_custom_1548433502124{margin-top: 20px !important;margin-right: 20px !important;margin-left: 20px !important;}\u00bb]<\/p>\n<h4 style=\"color: #f44253; font-size: 11pt; text-align: center;\">\u00a1TODA AYUDA ES BIENVENIDA!<\/h4>\n<p>[\/vc_column_text][vc_empty_space height=\u00bb\u00bb css=\u00bb.vc_custom_1555084121569{margin-top: 25% !important;}\u00bb]<a  itemprop=\"url\" href=\"https:\/\/fundacionemilio.org\/contacto\/\" target=\"_blank\" data-hover-background-color=#2fa86e data-hover-color=#ffffff class=\"qbutton  medium center default\" style=\"color: #ffffff; margin: 0; border-radius: 0px;-moz-border-radius: 0px;-webkit-border-radius: 0px; background-color: #f44253;\">SOLICITA M\u00c1S INFORMACI\u00d3N<\/a>[vc_empty_space height=\u00bb80px\u00bb][\/vc_column_inner][vc_column_inner width=\u00bb1\/3&#8243;][vc_column_text]<\/p>\n<h4 style=\"color: #f44253; font-size: 17pt; text-align: center;\">COMO VOCERO<\/h4>\n<p>[\/vc_column_text][vc_empty_space height=\u00bb20px\u00bb][vc_single_image image=\u00bb1130&#8243; img_size=\u00bbfull\u00bb alignment=\u00bbcenter\u00bb qode_css_animation=\u00bb\u00bb css=\u00bb.vc_custom_1554236491701{margin-top: 20px !important;margin-bottom: 20px !important;}\u00bb][vc_empty_space height=\u00bb15px\u00bb][vc_column_text css=\u00bb.vc_custom_1548433621454{margin-right: 22px !important;margin-left: 22px !important;}\u00bb]Si eres un l\u00edder comunitario, artista, a alguien famoso que quiera contribuir con la fundaci\u00f3n para darla a conocer, explicar las ayuda que proporciona y tambi\u00e9n para participar en la recaudaci\u00f3n de fondos, comun\u00edcate con nosotros para que podamos unir fuerzas y tengamos un mayor y mejor impacto en nuestros ni\u00f1os.[\/vc_column_text][vc_empty_space height=\u00bb15px\u00bb][vc_column_text css=\u00bb.vc_custom_1553097923525{margin-top: 20px !important;margin-right: 20px !important;margin-left: 20px !important;}\u00bb]<\/p>\n<h4 style=\"color: #f44253; font-size: 11pt; text-align: center;\">S\u00c9 EL CAMBIO QUE QUIERES VER EN EL MUNDO<\/h4>\n<p>[\/vc_column_text][vc_empty_space height=\u00bb\u00bb css=\u00bb.vc_custom_1555083905049{margin-top: 20% !important;}\u00bb]<a  itemprop=\"url\" href=\"https:\/\/fundacionemilio.org\/contacto\/\" target=\"_blank\" data-hover-background-color=#2fa86e data-hover-color=#ffffff class=\"qbutton  medium center default\" style=\"color: #ffffff; margin: 0; border-radius: 0px;-moz-border-radius: 0px;-webkit-border-radius: 0px; background-color: #f44253;\">SOLICITA M\u00c1S INFORMACI\u00d3N<\/a>[vc_empty_space height=\u00bb80px\u00bb][\/vc_column_inner][\/vc_row_inner][\/vc_column][vc_column width=\u00bb1\/6&#8243;][\/vc_column][\/vc_row][vc_row css_animation=\u00bb\u00bb row_type=\u00bbrow\u00bb use_row_as_full_screen_section=\u00bbno\u00bb type=\u00bbfull_width\u00bb angled_section=\u00bbno\u00bb text_align=\u00bbleft\u00bb background_image_as_pattern=\u00bbwithout_pattern\u00bb z_index=\u00bb\u00bb][vc_column parallax=\u00bbcontent-moving\u00bb parallax_image=\u00bb1032&#8243;][vc_empty_space height=\u00bb80px\u00bb][vc_column_text css=\u00bb.vc_custom_1553099533096{margin-top: 240px !important;margin-left: 70px !important;}\u00bb]<\/p>\n<h2 style=\"color: #ffffff; text-align: left; font-size: 52pt;\"><strong>Por que aqu\u00ed nadie se rinde<\/strong><\/h2>\n<p>[\/vc_column_text][vc_separator type=\u00bbsmall\u00bb position=\u00bbleft\u00bb color=\u00bb#ffea55&#8243; thickness=\u00bb2&#8243; width=\u00bb650&#8243; up=\u00bb20&#8243;][vc_empty_space height=\u00bb60px\u00bb][\/vc_column][\/vc_row]<\/p>\n","protected":false},"excerpt":{"rendered":"<p>[vc_row css_animation=\u00bb\u00bb row_type=\u00bbrow\u00bb use_row_as_full_screen_section=\u00bbno\u00bb type=\u00bbfull_width\u00bb angled_section=\u00bbno\u00bb text_align=\u00bbleft\u00bb background_image_as_pattern=\u00bbwithout_pattern\u00bb][vc_column][rev_slider_vc alias=\u00bbse-parte-de-nosotros\u00bb][\/vc_column][\/vc_row][vc_row css_animation=\u00bb\u00bb row_type=\u00bbrow\u00bb use_row_as_full_screen_section=\u00bbno\u00bb type=\u00bbgrid\u00bb angled_section=\u00bbno\u00bb text_align=\u00bbcenter\u00bb background_image_as_pattern=\u00bbwithout_pattern\u00bb padding_bottom=\u00bb39&#8243; css=\u00bb.vc_custom_1526025235376{background-color: #ffffff !important;background-position: center !important;background-repeat: no-repeat !important;background-size: cover !important;}\u00bb z_index=\u00bb4&#8243;][vc_column][vc_empty_space height=\u00bb60px\u00bb][vc_single_image image=\u00bb533&#8243; img_size=\u00bblarge\u00bb alignment=\u00bbcenter\u00bb qode_css_animation=\u00bb\u00bb][vc_column_text] S\u00e9 parte de nosotros [\/vc_column_text][vc_empty_space][\/vc_column][\/vc_row][vc_row css_animation=\u00bb\u00bb row_type=\u00bbrow\u00bb use_row_as_full_screen_section=\u00bbno\u00bb type=\u00bbfull_width\u00bb angled_section=\u00bbno\u00bb text_align=\u00bbleft\u00bb background_image_as_pattern=\u00bbwithout_pattern\u00bb css=\u00bb.vc_custom_1548346514118{background-color:&#8230;<\/p>\n","protected":false},"author":1,"featured_media":0,"parent":0,"menu_order":0,"comment_status":"closed","ping_status":"closed","template":"full_width.php","meta":{"footnotes":""},"class_list":["post-714","page","type-page","status-publish","hentry"],"_links":{"self":[{"href":"https:\/\/fundacionemilio.org\/es\/wp-json\/wp\/v2\/pages\/714","targetHints":{"allow":["GET"]}}],"collection":[{"href":"https:\/\/fundacionemilio.org\/es\/wp-json\/wp\/v2\/pages"}],"about":[{"href":"https:\/\/fundacionemilio.org\/es\/wp-json\/wp\/v2\/types\/page"}],"author":[{"embeddable":true,"href":"https:\/\/fundacionemilio.org\/es\/wp-json\/wp\/v2\/users\/1"}],"replies":[{"embeddable":true,"href":"https:\/\/fundacionemilio.org\/es\/wp-json\/wp\/v2\/comments?post=714"}],"version-history":[{"count":61,"href":"https:\/\/fundacionemilio.org\/es\/wp-json\/wp\/v2\/pages\/714\/revisions"}],"predecessor-version":[{"id":1844,"href":"https:\/\/fundacionemilio.org\/es\/wp-json\/wp\/v2\/pages\/714\/revisions\/1844"}],"wp:attachment":[{"href":"https:\/\/fundacionemilio.org\/es\/wp-json\/wp\/v2\/media?parent=714"}],"curies":[{"name":"wp","href":"https:\/\/api.w.org\/{rel}","templated":true}]}}