{"id":626,"date":"2019-01-15T17:07:26","date_gmt":"2019-01-15T17:07:26","guid":{"rendered":"https:\/\/test.fundacionemilio.org\/?page_id=626"},"modified":"2025-04-29T15:42:07","modified_gmt":"2025-04-29T15:42:07","slug":"quienes-somos","status":"publish","type":"page","link":"https:\/\/fundacionemilio.org\/es\/quienes-somos\/","title":{"rendered":"\u00bfQui\u00e9nes somos?"},"content":{"rendered":"<p>[vc_row css_animation=\u00bb\u00bb row_type=\u00bbrow\u00bb use_row_as_full_screen_section=\u00bbno\u00bb type=\u00bbfull_width\u00bb angled_section=\u00bbno\u00bb text_align=\u00bbleft\u00bb background_image_as_pattern=\u00bbwithout_pattern\u00bb css=\u00bb.vc_custom_1551218502825{background-color: #ffffff !important;}\u00bb z_index=\u00bb\u00bb][vc_column css=\u00bb.vc_custom_1551218511578{background-color: #ffffff !important;}\u00bb][rev_slider_vc alias=\u00bbquienes\u00bb][\/vc_column][\/vc_row][vc_row css_animation=\u00bb\u00bb row_type=\u00bbrow\u00bb use_row_as_full_screen_section=\u00bbno\u00bb type=\u00bbgrid\u00bb angled_section=\u00bbno\u00bb text_align=\u00bbcenter\u00bb background_image_as_pattern=\u00bbwithout_pattern\u00bb padding_bottom=\u00bb39&#8243; css=\u00bb.vc_custom_1526025235376{background-color: #ffffff !important;background-position: center !important;background-repeat: no-repeat !important;background-size: cover !important;}\u00bb z_index=\u00bb4&#8243;][vc_column][vc_empty_space height=\u00bb64px\u00bb][vc_single_image image=\u00bb533&#8243; img_size=\u00bblarge\u00bb alignment=\u00bbcenter\u00bb qode_css_animation=\u00bb\u00bb][vc_column_text]<\/p>\n<h1 style=\"text-align: center;\">\u00bfQui\u00e9nes somos?<\/h1>\n<p>[\/vc_column_text][vc_row_inner row_type=\u00bbrow\u00bb type=\u00bbfull_width\u00bb text_align=\u00bbleft\u00bb css_animation=\u00bb\u00bb][vc_column_inner width=\u00bb1\/4&#8243; css=\u00bb.vc_custom_1551822756374{margin-top: 30px !important;}\u00bb][vc_single_image image=\u00bb1724&#8243; img_size=\u00bbfull\u00bb qode_css_animation=\u00bb\u00bb css=\u00bb.vc_custom_1744479056073{margin-top: 70px !important;}\u00bb][\/vc_column_inner][vc_column_inner width=\u00bb3\/4&#8243; css=\u00bb.vc_custom_1551822804603{margin-top: 30px !important;margin-left: 20px !important;}\u00bb][vc_column_text css=\u00bb.vc_custom_1551822790116{margin-top: 50px !important;}\u00bb]Nuestro objetivo principal es ayudar a la ni\u00f1ez en situaci\u00f3n vulnerable por alguna enfermedad o discapacidad en general, pero con \u00e9nfasis en el apoyo a ni\u00f1os con c\u00e1ncer. FUNDACI\u00d3N EMILIO fue creada por Francisco Ceballos y Carolina D\u00edaz, en memoria de su hijo Emilio. Basados en su experiencia por m\u00e1s de seis a\u00f1os con nuestro hijo en tratamiento, tomamos la decisi\u00f3n de contribuir a mejorar la calidad de vida de muchos ni\u00f1os necesitados, con el apoyo de su familia y amigos sensibles y comprometidos a colaborar con ellos.<\/p>\n<p>&nbsp;<\/p>\n<p>La FUNDACI\u00d3N EMILIO ha comenzado a desarrollar diversas actividades en beneficio de los ni\u00f1os enfermos de c\u00e1ncer y sus familias, principalmente enfocadas en el mejoramiento de la calidad de vida y la reducci\u00f3n del sufrimiento de estos ni\u00f1os y de quienes conforman su entorno. La ayuda y los servicios que brindamos se realizan, en la totalidad de los casos, en forma gratuita.<\/p>\n<p>&nbsp;<\/p>\n<p>Adem\u00e1s de su junta directiva, FUNDACI\u00d3N EMILIO cuenta con la asesor\u00eda y apoyo de un comit\u00e9 m\u00e9dico-cient\u00edfico y psicosocial de larga trayectoria y experiencia, tanto a nivel nacional como internacional, con el objeto de lograr la mayor eficiencia y un mayor impacto en sus estrategias generales de apoyo a la comunidad infantil que apoya.[\/vc_column_text][\/vc_column_inner][\/vc_row_inner][vc_empty_space height=\u00bb60px\u00bb][vc_single_image image=\u00bb499&#8243; img_size=\u00bbfull\u00bb alignment=\u00bbcenter\u00bb qode_css_animation=\u00bb\u00bb][\/vc_column][\/vc_row][vc_row css_animation=\u00bb\u00bb row_type=\u00bbrow\u00bb use_row_as_full_screen_section=\u00bbno\u00bb type=\u00bbfull_width\u00bb angled_section=\u00bbno\u00bb text_align=\u00bbleft\u00bb background_image_as_pattern=\u00bbwithout_pattern\u00bb z_index=\u00bb\u00bb][vc_column parallax=\u00bbcontent-moving\u00bb parallax_image=\u00bb1305&#8243; parallax_speed_bg=\u00bb2&#8243;][vc_empty_space height=\u00bb350px\u00bb][vc_column_text css=\u00bb.vc_custom_1554306156375{margin-left: 70px !important;}\u00bb]<\/p>\n<h3 style=\"color: #ffffff; text-align: left; font-size: 23pt;\"><span style=\"color: #ffffff;\"><strong>\u00a1Nuestro sue\u00f1o es verlos sonre\u00edr!<\/strong><\/span><\/h3>\n<p>[\/vc_column_text][vc_separator type=\u00bbsmall\u00bb position=\u00bbleft\u00bb color=\u00bb#ffea55&#8243; thickness=\u00bb2&#8243; width=\u00bb650&#8243; up=\u00bb20&#8243;][vc_empty_space height=\u00bb50px\u00bb][\/vc_column][\/vc_row][vc_row css_animation=\u00bb\u00bb row_type=\u00bbrow\u00bb use_row_as_full_screen_section=\u00bbno\u00bb type=\u00bbgrid\u00bb angled_section=\u00bbno\u00bb text_align=\u00bbleft\u00bb background_image_as_pattern=\u00bbwithout_pattern\u00bb background_color=\u00bb#112856&#8243; z_index=\u00bb\u00bb][vc_column width=\u00bb1\/2&#8243; css=\u00bb.vc_custom_1547584846724{margin-top: 10% !important;margin-bottom: 10% !important;}\u00bb][vc_row_inner row_type=\u00bbrow\u00bb type=\u00bbfull_width\u00bb text_align=\u00bbleft\u00bb css_animation=\u00bb\u00bb][vc_column_inner width=\u00bb1\/4&#8243; css=\u00bb.vc_custom_1547584890428{margin-top: -5% !important;}\u00bb][vc_single_image image=\u00bb652&#8243; img_size=\u00bbfull\u00bb qode_css_animation=\u00bb\u00bb][\/vc_column_inner][vc_column_inner width=\u00bb3\/4&#8243;][vc_column_text]<\/p>\n<h2 style=\"color: #f44253; font-size: 26pt;\"><strong>Nuestra misi\u00f3n<\/strong><\/h2>\n<p>[\/vc_column_text][\/vc_column_inner][\/vc_row_inner][\/vc_column][vc_column width=\u00bb1\/2&#8243; css=\u00bb.vc_custom_1551820195027{margin-top: 10% !important;margin-bottom: 10% !important;margin-left: -20px !important;}\u00bb][vc_column_text]<\/p>\n<p style=\"color: #ffffff; text-align: left;\"><strong>Ayudar a la ni\u00f1ez en situaci\u00f3n vulnerable por alguna enfermedad o discapacidad en general, pero con \u00e9nfasis en el apoyo a ni\u00f1os con c\u00e1ncer.<\/strong><\/p>\n<p>[\/vc_column_text][\/vc_column][\/vc_row][vc_row css_animation=\u00bb\u00bb row_type=\u00bbrow\u00bb use_row_as_full_screen_section=\u00bbno\u00bb type=\u00bbgrid\u00bb angled_section=\u00bbno\u00bb text_align=\u00bbleft\u00bb background_image_as_pattern=\u00bbwithout_pattern\u00bb background_color=\u00bb#ffffff\u00bb z_index=\u00bb\u00bb][vc_column][vc_empty_space height=\u00bb120px\u00bb][vc_single_image image=\u00bb507&#8243; img_size=\u00bbfull\u00bb alignment=\u00bbcenter\u00bb qode_css_animation=\u00bb\u00bb][vc_empty_space height=\u00bb10px\u00bb][vc_column_text]<\/p>\n<h1 style=\"text-align: center;\">Nuestros valores<\/h1>\n<p>[\/vc_column_text][vc_empty_space height=\u00bb80px\u00bb][vc_row_inner row_type=\u00bbrow\u00bb type=\u00bbfull_width\u00bb text_align=\u00bbleft\u00bb css_animation=\u00bb\u00bb][vc_column_inner width=\u00bb1\/3&#8243;][vc_single_image image=\u00bb658&#8243; img_size=\u00bbfull\u00bb alignment=\u00bbcenter\u00bb qode_css_animation=\u00bb\u00bb][vc_empty_space height=\u00bb10px\u00bb][vc_column_text]<\/p>\n<h2 style=\"color: #112856; font-size: 23pt; text-align: center;\"><strong>AMOR Y RESPETO<\/strong><\/h2>\n<p>[\/vc_column_text][vc_empty_space height=\u00bb10px\u00bb][vc_column_text]<\/p>\n<p style=\"text-align: center;\">El Amor y es Respeto hacia los pacientes y sus familias son nuestros valores fundamentales. Comprendemos la dif\u00edcil situaci\u00f3n en la que se encuentran y todas las actividades las desarrollamos bajo esas dos premisas.<\/p>\n<p>[\/vc_column_text][\/vc_column_inner][vc_column_inner width=\u00bb1\/3&#8243;][vc_single_image image=\u00bb658&#8243; img_size=\u00bbfull\u00bb alignment=\u00bbcenter\u00bb qode_css_animation=\u00bb\u00bb][vc_empty_space height=\u00bb10px\u00bb][vc_column_text]<\/p>\n<h2 style=\"color: #112856; font-size: 23pt; text-align: center;\"><strong>ESPERANZA<\/strong><\/h2>\n<p>[\/vc_column_text][vc_empty_space height=\u00bb10px\u00bb][vc_column_text]<\/p>\n<p style=\"text-align: center;\">La Esperanza es un valor que promovemos diariamente a trav\u00e9s de nuestras actividades, con el inter\u00e9s de siempre ser positivos y pensar que cada d\u00eda puede ser mejor.<\/p>\n<p>[\/vc_column_text][\/vc_column_inner][vc_column_inner width=\u00bb1\/3&#8243;][vc_single_image image=\u00bb658&#8243; img_size=\u00bbfull\u00bb alignment=\u00bbcenter\u00bb qode_css_animation=\u00bb\u00bb][vc_empty_space height=\u00bb10px\u00bb][vc_column_text]<\/p>\n<h2 style=\"color: #112856; font-size: 23pt; text-align: center;\"><strong>PERSEVERANCIA<\/strong><\/h2>\n<p>[\/vc_column_text][vc_empty_space height=\u00bb10px\u00bb][vc_column_text]<\/p>\n<p style=\"text-align: center;\">El seguir luchando y no rendirse ante cualquier situaci\u00f3n, independientemente del resultado final. Cada ni\u00f1o(a) es un(a) luchador(a) incansable al que acompa\u00f1amos durante su estad\u00eda en el hospital brind\u00e1ndole apoyo durante todo el proceso.<\/p>\n<p>[\/vc_column_text][\/vc_column_inner][\/vc_row_inner][vc_empty_space height=\u00bb160px\u00bb][\/vc_column][\/vc_row][vc_row css_animation=\u00bb\u00bb row_type=\u00bbrow\u00bb use_row_as_full_screen_section=\u00bbno\u00bb type=\u00bbfull_width\u00bb angled_section=\u00bbno\u00bb text_align=\u00bbleft\u00bb background_image_as_pattern=\u00bbwithout_pattern\u00bb z_index=\u00bb\u00bb][vc_column parallax=\u00bbcontent-moving\u00bb parallax_image=\u00bb1309&#8243; parallax_speed_bg=\u00bb2&#8243;][vc_separator type=\u00bbsmall\u00bb position=\u00bbleft\u00bb color=\u00bb#ffea55&#8243; thickness=\u00bb2&#8243; width=\u00bb500&#8243; up=\u00bb10&#8243;][\/vc_column][\/vc_row][vc_row css_animation=\u00bb\u00bb row_type=\u00bbrow\u00bb use_row_as_full_screen_section=\u00bbno\u00bb type=\u00bbgrid\u00bb angled_section=\u00bbno\u00bb text_align=\u00bbleft\u00bb background_image_as_pattern=\u00bbwithout_pattern\u00bb background_color=\u00bb#ffffff\u00bb z_index=\u00bb\u00bb el_id=\u00bbaliados\u00bb][vc_column][vc_empty_space height=\u00bb120px\u00bb][vc_single_image image=\u00bb668&#8243; img_size=\u00bbfull\u00bb alignment=\u00bbcenter\u00bb qode_css_animation=\u00bb\u00bb][vc_empty_space height=\u00bb10px\u00bb][vc_column_text]<\/p>\n<h1 style=\"text-align: center;\">Nuestros aliados<\/h1>\n<p>[\/vc_column_text][vc_empty_space height=\u00bb80px\u00bb]<div class='qode_carousels_holder clearfix'><div class='qode_carousels' data-number-of-visible-items='5'><ul class='slides'><li class='item'><div class=\"carousel_item_holder\"><span class='first_image_holder '><img decoding=\"async\" itemprop=\"image\" src=\"https:\/\/fundacionemilio.org\/wp-content\/uploads\/2026\/01\/creamh-1.jpg\" alt=\"carousel image\" \/><\/span><\/div><\/li><li class='item'><div class=\"carousel_item_holder\"><span class='first_image_holder '><img decoding=\"async\" itemprop=\"image\" src=\"https:\/\/fundacionemilio.org\/wp-content\/uploads\/2019\/03\/fundacion-emilio_hecol_logo.png\" alt=\"carousel image\" \/><\/span><\/div><\/li><li class='item'><div class=\"carousel_item_holder\"><span class='first_image_holder '><img decoding=\"async\" itemprop=\"image\" src=\"https:\/\/fundacionemilio.org\/wp-content\/uploads\/2019\/03\/fundacion-emilio_imaginario_logo.png\" alt=\"carousel image\" \/><\/span><\/div><\/li><li class='item'><div class=\"carousel_item_holder\"><span class='first_image_holder '><img decoding=\"async\" itemprop=\"image\" src=\"https:\/\/fundacionemilio.org\/wp-content\/uploads\/2019\/03\/fundacion-emilio_instituto-nacional-de-cancerologia_logo.png\" alt=\"carousel image\" \/><\/span><\/div><\/li><li class='item'><div class=\"carousel_item_holder\"><span class='first_image_holder '><img decoding=\"async\" itemprop=\"image\" src=\"https:\/\/fundacionemilio.org\/wp-content\/uploads\/2019\/03\/fundacion-emilio_mercure_logo.png\" alt=\"carousel image\" \/><\/span><\/div><\/li><li class='item'><div class=\"carousel_item_holder\"><span class='first_image_holder '><img decoding=\"async\" itemprop=\"image\" src=\"https:\/\/fundacionemilio.org\/wp-content\/uploads\/2019\/03\/fundacion-emilio_piensa-positivo_logo.png\" alt=\"carousel image\" \/><\/span><\/div><\/li><li class='item'><div class=\"carousel_item_holder\"><span class='first_image_holder '><img decoding=\"async\" itemprop=\"image\" src=\"https:\/\/fundacionemilio.org\/wp-content\/uploads\/2019\/03\/fundacion-emilio_travel-viajes_logo.png\" alt=\"carousel image\" \/><\/span><\/div><\/li><li class='item'><div class=\"carousel_item_holder\"><span class='first_image_holder '><img decoding=\"async\" itemprop=\"image\" src=\"https:\/\/fundacionemilio.org\/wp-content\/uploads\/2026\/01\/dt-1.png\" alt=\"carousel image\" \/><\/span><\/div><\/li><li class='item'><div class=\"carousel_item_holder\"><span class='first_image_holder '><img decoding=\"async\" itemprop=\"image\" src=\"https:\/\/fundacionemilio.org\/wp-content\/uploads\/2026\/01\/hasbro.jpg\" alt=\"carousel image\" \/><\/span><\/div><\/li><li class='item'><div class=\"carousel_item_holder\"><span class='first_image_holder '><img decoding=\"async\" itemprop=\"image\" src=\"https:\/\/fundacionemilio.org\/wp-content\/uploads\/2026\/01\/marima.jpg\" alt=\"carousel image\" \/><\/span><\/div><\/li><li class='item'><div class=\"carousel_item_holder\"><span class='first_image_holder '><img decoding=\"async\" itemprop=\"image\" src=\"https:\/\/fundacionemilio.org\/wp-content\/uploads\/2026\/01\/prema.png\" alt=\"carousel image\" \/><\/span><\/div><\/li><\/ul><\/div><\/div>[vc_empty_space height=\u00bb100px\u00bb][\/vc_column][\/vc_row][vc_row css_animation=\u00bb\u00bb row_type=\u00bbrow\u00bb use_row_as_full_screen_section=\u00bbno\u00bb type=\u00bbfull_width\u00bb angled_section=\u00bbno\u00bb text_align=\u00bbleft\u00bb background_image_as_pattern=\u00bbwithout_pattern\u00bb z_index=\u00bb\u00bb][vc_column]<div class='qode_carousels_holder clearfix'><div class='qode_carousels' data-number-of-visible-items='5'><ul class='slides'><li class='item'><div class=\"carousel_item_holder\"><span class='first_image_holder '><img decoding=\"async\" itemprop=\"image\" src=\"https:\/\/fundacionemilio.org\/wp-content\/uploads\/2019\/03\/Pintucarita-221.png\" alt=\"carousel image\" \/><\/span><\/div><\/li><li class='item'><div class=\"carousel_item_holder\"><span class='first_image_holder '><img decoding=\"async\" itemprop=\"image\" src=\"https:\/\/fundacionemilio.org\/wp-content\/uploads\/2025\/04\/Melany-221.png\" alt=\"carousel image\" \/><\/span><\/div><\/li><li class='item'><div class=\"carousel_item_holder\"><span class='first_image_holder '><img decoding=\"async\" itemprop=\"image\" src=\"https:\/\/fundacionemilio.org\/wp-content\/uploads\/2019\/04\/Feliz-221.png\" alt=\"carousel image\" \/><\/span><\/div><\/li><li class='item'><div class=\"carousel_item_holder\"><span class='first_image_holder '><img decoding=\"async\" itemprop=\"image\" src=\"https:\/\/fundacionemilio.org\/wp-content\/uploads\/2019\/04\/Hasbro-221.png\" alt=\"carousel image\" \/><\/span><\/div><\/li><li class='item'><div class=\"carousel_item_holder\"><span class='first_image_holder '><img decoding=\"async\" itemprop=\"image\" src=\"https:\/\/fundacionemilio.org\/wp-content\/uploads\/2025\/04\/Sonrisa-221.png\" alt=\"carousel image\" \/><\/span><\/div><\/li><li class='item'><div class=\"carousel_item_holder\"><span class='first_image_holder '><img decoding=\"async\" itemprop=\"image\" src=\"https:\/\/fundacionemilio.org\/wp-content\/uploads\/2019\/04\/Gracias-familia-Murra-221.png\" alt=\"carousel image\" \/><\/span><\/div><\/li><\/ul><\/div><\/div>[vc_empty_space height=\u00bb50px\u00bb][\/vc_column][\/vc_row][vc_row css_animation=\u00bb\u00bb row_type=\u00bbrow\u00bb use_row_as_full_screen_section=\u00bbno\u00bb type=\u00bbfull_width\u00bb angled_section=\u00bbno\u00bb text_align=\u00bbleft\u00bb background_image_as_pattern=\u00bbwithout_pattern\u00bb background_color=\u00bb#ffffff\u00bb z_index=\u00bb\u00bb][vc_column][vc_single_image image=\u00bb611&#8243; img_size=\u00bbfull\u00bb alignment=\u00bbcenter\u00bb qode_css_animation=\u00bb\u00bb][vc_empty_space height=\u00bb50px\u00bb][\/vc_column][\/vc_row]<\/p>\n","protected":false},"excerpt":{"rendered":"<p>[vc_row css_animation=\u00bb\u00bb row_type=\u00bbrow\u00bb use_row_as_full_screen_section=\u00bbno\u00bb type=\u00bbfull_width\u00bb angled_section=\u00bbno\u00bb text_align=\u00bbleft\u00bb background_image_as_pattern=\u00bbwithout_pattern\u00bb css=\u00bb.vc_custom_1551218502825{background-color: #ffffff !important;}\u00bb z_index=\u00bb\u00bb][vc_column css=\u00bb.vc_custom_1551218511578{background-color: #ffffff !important;}\u00bb][rev_slider_vc alias=\u00bbquienes\u00bb][\/vc_column][\/vc_row][vc_row css_animation=\u00bb\u00bb row_type=\u00bbrow\u00bb use_row_as_full_screen_section=\u00bbno\u00bb type=\u00bbgrid\u00bb angled_section=\u00bbno\u00bb text_align=\u00bbcenter\u00bb background_image_as_pattern=\u00bbwithout_pattern\u00bb padding_bottom=\u00bb39&#8243; css=\u00bb.vc_custom_1526025235376{background-color: #ffffff !important;background-position: center !important;background-repeat: no-repeat !important;background-size: cover !important;}\u00bb z_index=\u00bb4&#8243;][vc_column][vc_empty_space height=\u00bb64px\u00bb][vc_single_image image=\u00bb533&#8243; img_size=\u00bblarge\u00bb alignment=\u00bbcenter\u00bb qode_css_animation=\u00bb\u00bb][vc_column_text] \u00bfQui\u00e9nes somos? [\/vc_column_text][vc_row_inner row_type=\u00bbrow\u00bb type=\u00bbfull_width\u00bb text_align=\u00bbleft\u00bb&#8230;<\/p>\n","protected":false},"author":1,"featured_media":0,"parent":0,"menu_order":0,"comment_status":"closed","ping_status":"closed","template":"full_width.php","meta":{"footnotes":""},"class_list":["post-626","page","type-page","status-publish","hentry"],"_links":{"self":[{"href":"https:\/\/fundacionemilio.org\/es\/wp-json\/wp\/v2\/pages\/626","targetHints":{"allow":["GET"]}}],"collection":[{"href":"https:\/\/fundacionemilio.org\/es\/wp-json\/wp\/v2\/pages"}],"about":[{"href":"https:\/\/fundacionemilio.org\/es\/wp-json\/wp\/v2\/types\/page"}],"author":[{"embeddable":true,"href":"https:\/\/fundacionemilio.org\/es\/wp-json\/wp\/v2\/users\/1"}],"replies":[{"embeddable":true,"href":"https:\/\/fundacionemilio.org\/es\/wp-json\/wp\/v2\/comments?post=626"}],"version-history":[{"count":79,"href":"https:\/\/fundacionemilio.org\/es\/wp-json\/wp\/v2\/pages\/626\/revisions"}],"predecessor-version":[{"id":1766,"href":"https:\/\/fundacionemilio.org\/es\/wp-json\/wp\/v2\/pages\/626\/revisions\/1766"}],"wp:attachment":[{"href":"https:\/\/fundacionemilio.org\/es\/wp-json\/wp\/v2\/media?parent=626"}],"curies":[{"name":"wp","href":"https:\/\/api.w.org\/{rel}","templated":true}]}}