{"id":85,"date":"2018-04-23T09:00:09","date_gmt":"2018-04-23T09:00:09","guid":{"rendered":"http:\/\/bridge231.qodeinteractive.com\/?page_id=6"},"modified":"2026-01-28T21:42:13","modified_gmt":"2026-01-28T21:42:13","slug":"home","status":"publish","type":"page","link":"https:\/\/fundacionemilio.org\/en\/","title":{"rendered":"Inicio"},"content":{"rendered":"<p>[vc_row css_animation=&#8221;&#8221; row_type=&#8221;row&#8221; use_row_as_full_screen_section=&#8221;no&#8221; type=&#8221;full_width&#8221; angled_section=&#8221;no&#8221; text_align=&#8221;left&#8221; background_image_as_pattern=&#8221;without_pattern&#8221;][vc_column][rev_slider_vc alias=&#8221;home-slider&#8221;][\/vc_column][\/vc_row][vc_row css_animation=&#8221;&#8221; row_type=&#8221;row&#8221; use_row_as_full_screen_section=&#8221;no&#8221; type=&#8221;full_width&#8221; angled_section=&#8221;no&#8221; text_align=&#8221;center&#8221; background_image_as_pattern=&#8221;without_pattern&#8221; background_color=&#8221;#ffffff&#8221; z_index=&#8221;&#8221;][vc_column width=&#8221;1\/4&#8243;][\/vc_column][vc_column width=&#8221;1\/2&#8243;][vc_empty_space height=&#8221;64px&#8221;][vc_column_text]<\/p>\n<p style=\"text-align: center;\">Nuestro principal objetivo es ayudar a la ni\u00f1ez en situaci\u00f3n vulnerable por alguna enfermedad o discapacidad en general, pero con \u00e9nfasis en el apoyo a <strong>ni\u00f1os con c\u00e1ncer.<\/strong><\/p>\n<p>[\/vc_column_text][vc_empty_space height=&#8221;64px&#8221;][\/vc_column][vc_column width=&#8221;1\/4&#8243;][\/vc_column][\/vc_row][vc_row css_animation=&#8221;&#8221; row_type=&#8221;row&#8221; use_row_as_full_screen_section=&#8221;no&#8221; type=&#8221;grid&#8221; angled_section=&#8221;no&#8221; text_align=&#8221;center&#8221; background_image_as_pattern=&#8221;without_pattern&#8221; padding_bottom=&#8221;39&#8243; css=&#8221;.vc_custom_1526025235376{background-color: #ffffff !important;background-position: center !important;background-repeat: no-repeat !important;background-size: cover !important;}&#8221; z_index=&#8221;4&#8243;][vc_column][vc_empty_space height=&#8221;10px&#8221;][vc_single_image image=&#8221;533&#8243; img_size=&#8221;large&#8221; alignment=&#8221;center&#8221; qode_css_animation=&#8221;&#8221;][vc_column_text]<\/p>\n<h1 style=\"text-align: center;\">Nuestros proyectos<\/h1>\n<p>[\/vc_column_text][vc_empty_space height=&#8221;62px&#8221;][vc_row_inner row_type=&#8221;row&#8221; type=&#8221;grid&#8221; text_align=&#8221;left&#8221; css_animation=&#8221;&#8221;][vc_column_inner width=&#8221;1\/4&#8243;][\/vc_column_inner][vc_column_inner width=&#8221;1\/4&#8243;][vc_single_image image=&#8221;1018&#8243; img_size=&#8221;full&#8221; alignment=&#8221;center&#8221; onclick=&#8221;custom_link&#8221; img_link_target=&#8221;_blank&#8221; qode_css_animation=&#8221;&#8221; link=&#8221;https:\/\/fundacionemilio.org\/es\/proyectos\/#remodelacion&#8221;][vc_empty_space height=&#8221;10px&#8221;][vc_column_text]<\/p>\n<p style=\"text-align: center;\"><a href=\"https:\/\/fundacionemilio.org\/es\/proyectos\/#remodelacion\">Remodelaci\u00f3n y equipamiento<\/a><br \/>\n<a href=\"https:\/\/fundacionemilio.org\/es\/proyectos\/#remodelacion\">de <strong>25 habitaciones<\/strong> y<\/a><br \/>\n<a href=\"https:\/\/fundacionemilio.org\/es\/proyectos\/#remodelacion\">una sala l\u00fadica<\/a><\/p>\n<p>[\/vc_column_text][\/vc_column_inner][vc_column_inner width=&#8221;1\/4&#8243;][vc_single_image image=&#8221;492&#8243; img_size=&#8221;full&#8221; alignment=&#8221;center&#8221; onclick=&#8221;custom_link&#8221; qode_css_animation=&#8221;&#8221; link=&#8221;https:\/\/fundacionemilio.org\/proyectos\/#cumpliendo sue\u00f1os&#8221;][vc_empty_space height=&#8221;10px&#8221;][vc_column_text]<\/p>\n<p style=\"text-align: center;\"><a href=\"https:\/\/fundacionemilio.org\/proyectos\/#cumpliendo sue\u00f1os\">Cumpliendo sue\u00f1os<\/a><\/p>\n<p>[\/vc_column_text][\/vc_column_inner][vc_column_inner width=&#8221;1\/4&#8243;][\/vc_column_inner][\/vc_row_inner][vc_empty_space height=&#8221;50px&#8221;][vc_row_inner row_type=&#8221;row&#8221; type=&#8221;grid&#8221; text_align=&#8221;left&#8221; css_animation=&#8221;&#8221;][vc_column_inner width=&#8221;1\/4&#8243;][\/vc_column_inner][vc_column_inner width=&#8221;1\/4&#8243;][vc_single_image image=&#8221;1020&#8243; img_size=&#8221;full&#8221; alignment=&#8221;center&#8221; onclick=&#8221;custom_link&#8221; qode_css_animation=&#8221;&#8221; link=&#8221;https:\/\/fundacionemilio.org\/proyectos\/#voluntariado&#8221;][vc_empty_space height=&#8221;10px&#8221;][vc_column_text]<\/p>\n<p style=\"text-align: center;\"><a href=\"https:\/\/fundacionemilio.org\/proyectos\/#voluntariado\">Voluntariado<\/a><\/p>\n<p>[\/vc_column_text][\/vc_column_inner][vc_column_inner width=&#8221;1\/4&#8243;][vc_single_image image=&#8221;1021&#8243; img_size=&#8221;full&#8221; alignment=&#8221;center&#8221; onclick=&#8221;custom_link&#8221; qode_css_animation=&#8221;&#8221; link=&#8221;https:\/\/fundacionemilio.org\/proyectos\/#Donaciones&#8221;][vc_empty_space height=&#8221;10px&#8221;][vc_column_text]<\/p>\n<p style=\"text-align: center;\"><a href=\"https:\/\/fundacionemilio.org\/proyectos\/#Donaciones\">Donaciones<\/a><\/p>\n<p>[\/vc_column_text][\/vc_column_inner][vc_column_inner width=&#8221;1\/4&#8243;][\/vc_column_inner][\/vc_row_inner][vc_empty_space height=&#8221;50px&#8221;][vc_row_inner row_type=&#8221;row&#8221; type=&#8221;grid&#8221; text_align=&#8221;left&#8221; css_animation=&#8221;&#8221;][vc_column_inner width=&#8221;1\/4&#8243;][\/vc_column_inner][vc_column_inner width=&#8221;1\/4&#8243;][vc_single_image image=&#8221;1930&#8243; img_size=&#8221;full&#8221; alignment=&#8221;center&#8221; onclick=&#8221;custom_link&#8221; qode_css_animation=&#8221;&#8221; link=&#8221;https:\/\/fundacionemilio.org\/proyectos\/#voluntariado&#8221;][vc_empty_space height=&#8221;10px&#8221;][vc_column_text]<\/p>\n<p style=\"text-align: center;\"><a href=\"https:\/\/fundacionemilio.org\/proyectos\/#voluntariado\">Almuerzo Anual<\/a><\/p>\n<p>[\/vc_column_text][\/vc_column_inner][vc_column_inner width=&#8221;1\/4&#8243;][vc_single_image image=&#8221;1896&#8243; img_size=&#8221;full&#8221; alignment=&#8221;center&#8221; onclick=&#8221;custom_link&#8221; qode_css_animation=&#8221;&#8221; link=&#8221;https:\/\/fundacionemilio.org\/proyectos\/#voluntariado&#8221;][vc_empty_space height=&#8221;10px&#8221;][vc_column_text]<\/p>\n<p style=\"text-align: center;\"><a href=\"https:\/\/fundacionemilio.org\/proyectos\/#voluntariado\">Proyecto de remodelaci\u00f3n consulta externa pedi\u00e1trica.<\/a><\/p>\n<p>[\/vc_column_text][\/vc_column_inner][\/vc_row_inner][vc_empty_space height=&#8221;82px&#8221;]<a  itemprop=\"url\" href=\"https:\/\/fundacionemilio.org\/proyectos\/\" target=\"_self\" data-hover-background-color=#2fa86e data-hover-color=#ffffff class=\"qbutton  medium center default\" style=\"color: #ffffff; border-radius: 10px;-moz-border-radius: 10px;-webkit-border-radius: 10px; background-color: #112856;\">M\u00c1S INFORMACI\u00d3N SOBRE NUESTROS PROYECTOS<\/a>[vc_empty_space height=&#8221;60px&#8221;][vc_single_image image=&#8221;499&#8243; img_size=&#8221;full&#8221; alignment=&#8221;center&#8221; qode_css_animation=&#8221;&#8221;][\/vc_column][\/vc_row][vc_row css_animation=&#8221;&#8221; row_type=&#8221;row&#8221; use_row_as_full_screen_section=&#8221;no&#8221; type=&#8221;full_width&#8221; angled_section=&#8221;no&#8221; text_align=&#8221;left&#8221; background_image_as_pattern=&#8221;without_pattern&#8221; z_index=&#8221;&#8221;][vc_column parallax=&#8221;content-moving-fade&#8221; parallax_image=&#8221;1313&#8243;][vc_empty_space height=&#8221;200px&#8221;][vc_column_text css=&#8221;.vc_custom_1556913254307{margin-bottom: 200px !important;margin-left: 70px !important;}&#8221;]<\/p>\n<h2 style=\"color: #ffffff; text-align: left; font-size: 52pt;\"><strong>Por que aqu\u00ed<\/strong><\/h2>\n<p>&nbsp;<\/p>\n<h2 style=\"color: #ffffff; text-align: left; font-size: 52pt;\"><strong>nadie se rinde<\/strong><\/h2>\n<p>[\/vc_column_text][\/vc_column][\/vc_row][vc_row css_animation=&#8221;&#8221; row_type=&#8221;row&#8221; use_row_as_full_screen_section=&#8221;no&#8221; type=&#8221;grid&#8221; angled_section=&#8221;no&#8221; text_align=&#8221;left&#8221; background_image_as_pattern=&#8221;without_pattern&#8221; background_color=&#8221;#ffffff&#8221; z_index=&#8221;&#8221;][vc_column width=&#8221;1\/3&#8243; css=&#8221;.vc_custom_1547566366264{margin-top: 20% !important;margin-bottom: 20% !important;}&#8221;][vc_row_inner row_type=&#8221;row&#8221; type=&#8221;full_width&#8221; text_align=&#8221;left&#8221; css_animation=&#8221;&#8221;][vc_column_inner width=&#8221;1\/4&#8243;][vc_single_image image=&#8221;505&#8243; img_size=&#8221;full&#8221; qode_css_animation=&#8221;&#8221;][\/vc_column_inner][vc_column_inner width=&#8221;3\/4&#8243;][vc_empty_space height=&#8221;10px&#8221;][vc_column_text]<\/p>\n<h2 style=\"color: #f44253; font-size: 26pt;\"><strong>Nuestro objetivo<\/strong><\/h2>\n<p>[\/vc_column_text][\/vc_column_inner][\/vc_row_inner][\/vc_column][vc_column width=&#8221;1\/3&#8243; css=&#8221;.vc_custom_1547566372804{margin-top: 20% !important;margin-bottom: 20% !important;}&#8221;][vc_column_text]Nuestro objetivo principal es proporcionarles diferentes tipos de ayuda a aquellos ni\u00f1os que luchan contra el c\u00e1ncer y a sus familias, para que su proceso sea lo m\u00e1s llevadero posible.[\/vc_column_text][\/vc_column][vc_column width=&#8221;1\/3&#8243; css=&#8221;.vc_custom_1547566380471{margin-top: 20% !important;margin-bottom: 20% !important;}&#8221;][vc_single_image image=&#8221;502&#8243; img_size=&#8221;full&#8221; alignment=&#8221;center&#8221; qode_css_animation=&#8221;&#8221;][\/vc_column][\/vc_row][vc_row css_animation=&#8221;&#8221; row_type=&#8221;row&#8221; use_row_as_full_screen_section=&#8221;no&#8221; type=&#8221;grid&#8221; angled_section=&#8221;no&#8221; text_align=&#8221;left&#8221; background_image_as_pattern=&#8221;without_pattern&#8221; z_index=&#8221;&#8221; css=&#8221;.vc_custom_1554311483397{background-color: #eaeaea !important;}&#8221;][vc_column width=&#8221;1\/3&#8243; css=&#8221;.vc_custom_1547566452317{margin-top: 20% !important;margin-bottom: 20% !important;}&#8221;][vc_row_inner row_type=&#8221;row&#8221; type=&#8221;full_width&#8221; text_align=&#8221;left&#8221; css_animation=&#8221;&#8221;][vc_column_inner width=&#8221;1\/4&#8243;][vc_single_image image=&#8221;506&#8243; img_size=&#8221;full&#8221; qode_css_animation=&#8221;&#8221;][\/vc_column_inner][vc_column_inner width=&#8221;3\/4&#8243;][vc_empty_space height=&#8221;10px&#8221;][vc_column_text]<\/p>\n<h2 style=\"color: #f44253; font-size: 26pt;\"><strong>Nuestros amigos<br \/>\ny colaboradores<\/strong><\/h2>\n<p>[\/vc_column_text][\/vc_column_inner][\/vc_row_inner][\/vc_column][vc_column width=&#8221;1\/3&#8243; css=&#8221;.vc_custom_1547566458087{margin-top: 20% !important;margin-bottom: 20% !important;}&#8221;][vc_column_text]Tenemos a muchas personas que colaboran en actividades de nuestra organizaci\u00f3n. Sin embargo, toda ayuda econ\u00f3mica, en especie o con tiempo de voluntariado es siempre bienvenida.[\/vc_column_text][\/vc_column][vc_column width=&#8221;1\/3&#8243; css=&#8221;.vc_custom_1547566464409{margin-top: 20% !important;margin-bottom: 20% !important;}&#8221;][vc_single_image image=&#8221;503&#8243; img_size=&#8221;full&#8221; alignment=&#8221;center&#8221; onclick=&#8221;custom_link&#8221; img_link_target=&#8221;_blank&#8221; qode_css_animation=&#8221;&#8221; link=&#8221;https:\/\/fundacionemilio.org\/quienes-somos\/#aliados&#8221;][\/vc_column][\/vc_row][vc_row css_animation=&#8221;&#8221; row_type=&#8221;row&#8221; use_row_as_full_screen_section=&#8221;no&#8221; type=&#8221;grid&#8221; angled_section=&#8221;no&#8221; text_align=&#8221;left&#8221; background_image_as_pattern=&#8221;without_pattern&#8221; background_color=&#8221;#ffffff&#8221; z_index=&#8221;&#8221;][vc_column width=&#8221;1\/3&#8243; css=&#8221;.vc_custom_1547566489865{margin-top: 20% !important;margin-bottom: 20% !important;}&#8221;][vc_row_inner row_type=&#8221;row&#8221; type=&#8221;full_width&#8221; text_align=&#8221;left&#8221; css_animation=&#8221;&#8221;][vc_column_inner width=&#8221;1\/4&#8243;][vc_single_image image=&#8221;507&#8243; img_size=&#8221;full&#8221; qode_css_animation=&#8221;&#8221;][\/vc_column_inner][vc_column_inner width=&#8221;3\/4&#8243;][vc_empty_space height=&#8221;10px&#8221;][vc_column_text]<\/p>\n<h2 style=\"color: #f44253; font-size: 26pt;\"><strong>Nuestro sue\u00f1o<\/strong><\/h2>\n<p>[\/vc_column_text][\/vc_column_inner][\/vc_row_inner][\/vc_column][vc_column width=&#8221;1\/3&#8243; css=&#8221;.vc_custom_1547566482789{margin-top: 20% !important;margin-bottom: 20% !important;}&#8221;][vc_column_text]Nuestro sue\u00f1o es que todos aquellos ni\u00f1os que se encuentran en tratamiento contra el c\u00e1ncer, puedan vivir normalmente una vida de ni\u00f1os, con una mejor calidad de vida siendo felices, sonriendo, jugando y viviendo un d\u00eda a la vez.[\/vc_column_text][\/vc_column][vc_column width=&#8221;1\/3&#8243; css=&#8221;.vc_custom_1547566477373{margin-top: 20% !important;margin-bottom: 20% !important;}&#8221;][vc_single_image image=&#8221;504&#8243; img_size=&#8221;full&#8221; alignment=&#8221;center&#8221; onclick=&#8221;custom_link&#8221; qode_css_animation=&#8221;&#8221; link=&#8221;https:\/\/fundacionemilio.org\/proyectos\/#cumpliendo&#8221;][\/vc_column][\/vc_row][vc_row css_animation=&#8221;&#8221; row_type=&#8221;row&#8221; use_row_as_full_screen_section=&#8221;no&#8221; type=&#8221;full_width&#8221; angled_section=&#8221;no&#8221; text_align=&#8221;left&#8221; background_image_as_pattern=&#8221;without_pattern&#8221; z_index=&#8221;&#8221;][vc_column parallax=&#8221;content-moving&#8221; parallax_image=&#8221;1322&#8243; css_animation=&#8221;none&#8221;][vc_empty_space height=&#8221;200px&#8221;][vc_column_text css=&#8221;.vc_custom_1554310364510{margin-top: 100px !important;margin-right: 100px !important;margin-bottom: 100px !important;}&#8221;]<\/p>\n<h1 style=\"text-align: right;\"><strong><span style=\"color: #ffffff;\">\u00a1Nos encanta verlos sonre\u00edr!<\/span><\/strong><\/h1>\n<p>[\/vc_column_text][\/vc_column][\/vc_row][vc_row css_animation=&#8221;&#8221; row_type=&#8221;row&#8221; use_row_as_full_screen_section=&#8221;no&#8221; type=&#8221;full_width&#8221; angled_section=&#8221;no&#8221; text_align=&#8221;left&#8221; background_image_as_pattern=&#8221;without_pattern&#8221; z_index=&#8221;&#8221;][vc_column parallax=&#8221;content-moving&#8221; parallax_image=&#8221;1324&#8243;][vc_empty_space height=&#8221;300px&#8221;][vc_column_text css=&#8221;.vc_custom_1556916438402{margin-left: 70px !important;}&#8221;]<\/p>\n<h2 style=\"color: #ffffff; text-align: left; font-size: 28pt;\"><strong>M\u00c1S SONRISAS<\/strong><br \/>\n<strong>Y MENOS L\u00c1GRIMAS<\/strong><\/h2>\n<p>[\/vc_column_text][vc_empty_space height=&#8221;50px&#8221;][\/vc_column][\/vc_row][vc_row css_animation=&#8221;&#8221; row_type=&#8221;row&#8221; use_row_as_full_screen_section=&#8221;no&#8221; type=&#8221;grid&#8221; angled_section=&#8221;no&#8221; text_align=&#8221;left&#8221; background_image_as_pattern=&#8221;without_pattern&#8221; background_color=&#8221;#ffffff&#8221; z_index=&#8221;&#8221;][vc_column][vc_empty_space height=&#8221;80px&#8221;][vc_single_image image=&#8221;593&#8243; img_size=&#8221;full&#8221; alignment=&#8221;center&#8221; qode_css_animation=&#8221;&#8221;][vc_empty_space height=&#8221;10px&#8221;][vc_column_text]<\/p>\n<h1 style=\"text-align: center;\">\u00bfEn que vamos?<\/h1>\n<p>[\/vc_column_text][vc_empty_space height=&#8221;40px&#8221;][vc_column_text]Estamos finalizando la remodelaci\u00f3n de 25 habitaciones del Instituto Nacional de Cancerolog\u00eda, sexto piso de pediatr\u00eda en Bogot\u00e1. Equipando cada habitaci\u00f3n con una TV de 42\u201d, una consola de video juegos\/dvd, mesa de noche y sof\u00e1-cama para el acompa\u00f1ante, repisa y cortina en los ba\u00f1os y decoraci\u00f3n con vinilos.<\/p>\n<p>&nbsp;<\/p>\n<p>Nuestro nuevo proyecto ser\u00e1 la remodelaci\u00f3n y equipamiento de la sala l\u00fadica, sexto piso de pediatr\u00eda del Instituto Nacional de Cancerolog\u00eda en Bogot\u00e1, la cual estar\u00e1 equipada con TV, consolas, video bean, 4 computadores, impresora\/fotocopiadora y biblioteca. Adem\u00e1s tendremos dos personas de manera permanente proporcionando una estad\u00eda m\u00e1s c\u00f3moda y amena para los ni\u00f1os y sus familias.[\/vc_column_text][vc_empty_space height=&#8221;80px&#8221;][\/vc_column][\/vc_row][vc_row css_animation=&#8221;&#8221; row_type=&#8221;row&#8221; use_row_as_full_screen_section=&#8221;no&#8221; type=&#8221;full_width&#8221; angled_section=&#8221;no&#8221; text_align=&#8221;left&#8221; background_image_as_pattern=&#8221;without_pattern&#8221;][vc_column]<div class='qode_carousels_holder clearfix'><div class='qode_carousels' data-number-of-visible-items='4'><ul class='slides'><li class='item'><div class=\"carousel_item_holder\"><span class='first_image_holder '><img decoding=\"async\" itemprop=\"image\" src=\"https:\/\/fundacionemilio.org\/wp-content\/uploads\/2019\/05\/Cuadro-Emilio-fondo.jpg\" alt=\"carousel image\" \/><\/span><\/div><\/li><li class='item'><div class=\"carousel_item_holder\"><span class='first_image_holder '><img decoding=\"async\" itemprop=\"image\" src=\"https:\/\/fundacionemilio.org\/wp-content\/uploads\/2019\/05\/320x213-jpg.jpg\" alt=\"carousel image\" \/><\/span><\/div><\/li><li class='item'><div class=\"carousel_item_holder\"><span class='first_image_holder '><img decoding=\"async\" itemprop=\"image\" src=\"https:\/\/fundacionemilio.org\/wp-content\/uploads\/2019\/05\/Cuadro-320.jpg\" alt=\"carousel image\" \/><\/span><\/div><\/li><li class='item'><div class=\"carousel_item_holder\"><span class='first_image_holder '><img decoding=\"async\" itemprop=\"image\" src=\"https:\/\/fundacionemilio.org\/wp-content\/uploads\/2019\/05\/Cuadro-cumplir-mi-sueno.jpg\" alt=\"carousel image\" \/><\/span><\/div><\/li><li class='item'><div class=\"carousel_item_holder\"><span class='first_image_holder '><img decoding=\"async\" itemprop=\"image\" src=\"https:\/\/fundacionemilio.org\/wp-content\/uploads\/2019\/05\/Cuadro-pastelito.jpg\" alt=\"carousel image\" \/><\/span><\/div><\/li><li class='item'><div class=\"carousel_item_holder\"><span class='first_image_holder '><img decoding=\"async\" itemprop=\"image\" src=\"https:\/\/fundacionemilio.org\/wp-content\/uploads\/2019\/05\/Cuadro-pizza.jpg\" alt=\"carousel image\" \/><\/span><\/div><\/li><li class='item'><div class=\"carousel_item_holder\"><span class='first_image_holder '><img decoding=\"async\" itemprop=\"image\" src=\"https:\/\/fundacionemilio.org\/wp-content\/uploads\/2019\/05\/Cuadro-actividad.png\" alt=\"carousel image\" \/><\/span><\/div><\/li><li class='item'><div class=\"carousel_item_holder\"><span class='first_image_holder '><img decoding=\"async\" itemprop=\"image\" src=\"https:\/\/fundacionemilio.org\/wp-content\/uploads\/2019\/05\/Cuadro-sonrisa.png\" alt=\"carousel image\" \/><\/span><\/div><\/li><li class='item'><div class=\"carousel_item_holder\"><span class='first_image_holder '><img decoding=\"async\" itemprop=\"image\" src=\"https:\/\/fundacionemilio.org\/wp-content\/uploads\/2019\/05\/Cuadro-pose.png\" alt=\"carousel image\" \/><\/span><\/div><\/li><\/ul><\/div><\/div>[\/vc_column][\/vc_row][vc_row css_animation=&#8221;&#8221; row_type=&#8221;row&#8221; use_row_as_full_screen_section=&#8221;no&#8221; type=&#8221;full_width&#8221; angled_section=&#8221;no&#8221; text_align=&#8221;left&#8221; background_image_as_pattern=&#8221;without_pattern&#8221; z_index=&#8221;&#8221;][vc_column][vc_empty_space height=&#8221;50px&#8221;]<div class='qode_carousels_holder clearfix'><div class='qode_carousels' data-number-of-visible-items='4'><ul class='slides'><li class='item'><div class=\"carousel_item_holder\"><span class='first_image_holder '><img decoding=\"async\" itemprop=\"image\" src=\"https:\/\/fundacionemilio.org\/wp-content\/uploads\/2019\/01\/Cuadro-Emilio.png\" alt=\"carousel image\" \/><\/span><\/div><\/li><li class='item'><div class=\"carousel_item_holder\"><span class='first_image_holder '><img decoding=\"async\" itemprop=\"image\" src=\"https:\/\/fundacionemilio.org\/wp-content\/uploads\/2019\/01\/Cuadro-final-1.jpg\" alt=\"carousel image\" \/><\/span><\/div><\/li><li class='item'><div class=\"carousel_item_holder\"><span class='first_image_holder '><img decoding=\"async\" itemprop=\"image\" src=\"https:\/\/fundacionemilio.org\/wp-content\/uploads\/2019\/01\/Cuadro-final-2.png\" alt=\"carousel image\" \/><\/span><\/div><\/li><li class='item'><div class=\"carousel_item_holder\"><span class='first_image_holder '><img decoding=\"async\" itemprop=\"image\" src=\"https:\/\/fundacionemilio.org\/wp-content\/uploads\/2019\/01\/Cuadro-final-3.png\" alt=\"carousel image\" \/><\/span><\/div><\/li><\/ul><\/div><\/div>[\/vc_column][\/vc_row][vc_row css_animation=&#8221;&#8221; row_type=&#8221;row&#8221; use_row_as_full_screen_section=&#8221;no&#8221; type=&#8221;full_width&#8221; angled_section=&#8221;no&#8221; text_align=&#8221;left&#8221; background_image_as_pattern=&#8221;without_pattern&#8221; background_color=&#8221;#ffffff&#8221; z_index=&#8221;&#8221;][vc_column][vc_empty_space height=&#8221;50px&#8221;][vc_single_image image=&#8221;611&#8243; img_size=&#8221;full&#8221; alignment=&#8221;center&#8221; qode_css_animation=&#8221;&#8221;][vc_empty_space height=&#8221;50px&#8221;][\/vc_column][\/vc_row]<\/p>\n","protected":false},"excerpt":{"rendered":"<p>[vc_row css_animation=&#8221;&#8221; row_type=&#8221;row&#8221; use_row_as_full_screen_section=&#8221;no&#8221; type=&#8221;full_width&#8221; angled_section=&#8221;no&#8221; text_align=&#8221;left&#8221; background_image_as_pattern=&#8221;without_pattern&#8221;][vc_column][rev_slider_vc alias=&#8221;home-slider&#8221;][\/vc_column][\/vc_row][vc_row css_animation=&#8221;&#8221; row_type=&#8221;row&#8221; use_row_as_full_screen_section=&#8221;no&#8221; type=&#8221;full_width&#8221; angled_section=&#8221;no&#8221; text_align=&#8221;center&#8221; background_image_as_pattern=&#8221;without_pattern&#8221; background_color=&#8221;#ffffff&#8221; z_index=&#8221;&#8221;][vc_column width=&#8221;1\/4&#8243;][\/vc_column][vc_column width=&#8221;1\/2&#8243;][vc_empty_space height=&#8221;64px&#8221;][vc_column_text] Nuestro principal objetivo es ayudar a la ni\u00f1ez en situaci\u00f3n vulnerable por alguna enfermedad o discapacidad en general, pero con \u00e9nfasis en el apoyo&#8230;<\/p>\n","protected":false},"author":1,"featured_media":0,"parent":0,"menu_order":0,"comment_status":"closed","ping_status":"closed","template":"full_width.php","meta":{"footnotes":""},"class_list":["post-85","page","type-page","status-publish","hentry"],"_links":{"self":[{"href":"https:\/\/fundacionemilio.org\/en\/wp-json\/wp\/v2\/pages\/85","targetHints":{"allow":["GET"]}}],"collection":[{"href":"https:\/\/fundacionemilio.org\/en\/wp-json\/wp\/v2\/pages"}],"about":[{"href":"https:\/\/fundacionemilio.org\/en\/wp-json\/wp\/v2\/types\/page"}],"author":[{"embeddable":true,"href":"https:\/\/fundacionemilio.org\/en\/wp-json\/wp\/v2\/users\/1"}],"replies":[{"embeddable":true,"href":"https:\/\/fundacionemilio.org\/en\/wp-json\/wp\/v2\/comments?post=85"}],"version-history":[{"count":181,"href":"https:\/\/fundacionemilio.org\/en\/wp-json\/wp\/v2\/pages\/85\/revisions"}],"predecessor-version":[{"id":2004,"href":"https:\/\/fundacionemilio.org\/en\/wp-json\/wp\/v2\/pages\/85\/revisions\/2004"}],"wp:attachment":[{"href":"https:\/\/fundacionemilio.org\/en\/wp-json\/wp\/v2\/media?parent=85"}],"curies":[{"name":"wp","href":"https:\/\/api.w.org\/{rel}","templated":true}]}}