{"id":714,"date":"2019-01-24T15:06:18","date_gmt":"2019-01-24T15:06:18","guid":{"rendered":"https:\/\/test.fundacionemilio.org\/?page_id=714"},"modified":"2025-12-03T15:30:39","modified_gmt":"2025-12-03T15:30:39","slug":"se-parte-de-nosotros","status":"publish","type":"page","link":"https:\/\/fundacionemilio.org\/en\/se-parte-de-nosotros\/","title":{"rendered":"S\u00e9 parte de nosotros"},"content":{"rendered":"<p>[vc_row css_animation=&#8221;&#8221; row_type=&#8221;row&#8221; use_row_as_full_screen_section=&#8221;no&#8221; type=&#8221;full_width&#8221; angled_section=&#8221;no&#8221; text_align=&#8221;left&#8221; background_image_as_pattern=&#8221;without_pattern&#8221;][vc_column][rev_slider_vc alias=&#8221;se-parte-de-nosotros&#8221;][\/vc_column][\/vc_row][vc_row css_animation=&#8221;&#8221; row_type=&#8221;row&#8221; use_row_as_full_screen_section=&#8221;no&#8221; type=&#8221;grid&#8221; angled_section=&#8221;no&#8221; text_align=&#8221;center&#8221; background_image_as_pattern=&#8221;without_pattern&#8221; padding_bottom=&#8221;39&#8243; css=&#8221;.vc_custom_1526025235376{background-color: #ffffff !important;background-position: center !important;background-repeat: no-repeat !important;background-size: cover !important;}&#8221; z_index=&#8221;4&#8243;][vc_column][vc_empty_space height=&#8221;60px&#8221;][vc_single_image image=&#8221;533&#8243; img_size=&#8221;large&#8221; alignment=&#8221;center&#8221; qode_css_animation=&#8221;&#8221;][vc_column_text]<\/p>\n<h1 style=\"text-align: center;\">S\u00e9 parte de nosotros<\/h1>\n<p>[\/vc_column_text][vc_empty_space][\/vc_column][\/vc_row][vc_row css_animation=&#8221;&#8221; row_type=&#8221;row&#8221; use_row_as_full_screen_section=&#8221;no&#8221; type=&#8221;full_width&#8221; angled_section=&#8221;no&#8221; text_align=&#8221;left&#8221; background_image_as_pattern=&#8221;without_pattern&#8221; css=&#8221;.vc_custom_1548346514118{background-color: #ffffff !important;}&#8221; z_index=&#8221;&#8221;][vc_column width=&#8221;1\/6&#8243;][\/vc_column][vc_column width=&#8221;2\/3&#8243;][vc_row_inner row_type=&#8221;row&#8221; type=&#8221;full_width&#8221; text_align=&#8221;left&#8221; css_animation=&#8221;&#8221;][vc_column_inner width=&#8221;1\/3&#8243;][vc_column_text]<\/p>\n<h4 style=\"color: #f44253; font-size: 17pt; text-align: center;\">COMO VOLUNTARIO<\/h4>\n<p>[\/vc_column_text][vc_empty_space height=&#8221;20px&#8221;][vc_single_image image=&#8221;716&#8243; img_size=&#8221;full&#8221; alignment=&#8221;center&#8221; qode_css_animation=&#8221;&#8221; css=&#8221;.vc_custom_1548348366107{margin-top: 20px !important;margin-bottom: 20px !important;}&#8221;][vc_empty_space height=&#8221;15px&#8221;][vc_column_text css=&#8221;.vc_custom_1548433018952{margin-right: 22px !important;margin-left: 22px !important;}&#8221;]Muchas actividades de la Fundaci\u00f3n son posibles por el trabajo incondicional de nuestros voluntarios que apoyan en todo tipo de labores tales como acompa\u00f1amiento y juego con los ni\u00f1os, organizaci\u00f3n de talleres creativos, clasificaci\u00f3n de las donaciones, recaudaci\u00f3n fondos, organizaci\u00f3n de eventos y asesor\u00eda profesional.[\/vc_column_text][vc_column_text css=&#8221;.vc_custom_1548433449281{margin-top: 20px !important;margin-right: 20px !important;margin-left: 20px !important;}&#8221;]<\/p>\n<h4 style=\"color: #f44253; font-size: 11pt; text-align: center;\">NUESTROS VOLUNTARIOS SON LO M\u00c1S VALIOSO DE LA FUNDACI\u00d3N<\/h4>\n<p>[\/vc_column_text][vc_empty_space height=&#8221;&#8221; css=&#8221;.vc_custom_1555084102747{margin-top: 15% !important;}&#8221;]<a  itemprop=\"url\" href=\"https:\/\/fundacionemilio.org\/contacto\/\" target=\"_blank\" data-hover-background-color=#2fa86e data-hover-color=#ffffff class=\"qbutton  medium center default\" style=\"color: #ffffff; margin: 0; border-radius: 0px;-moz-border-radius: 0px;-webkit-border-radius: 0px; background-color: #f44253;\">SOLICITA M\u00c1S INFORMACI\u00d3N<\/a>[vc_empty_space height=&#8221;80px&#8221;][\/vc_column_inner][vc_column_inner width=&#8221;1\/3&#8243;][vc_column_text]<\/p>\n<h4 style=\"color: #f44253; font-size: 17pt; text-align: center;\">COMO PATROCINADOR<\/h4>\n<p>[\/vc_column_text][vc_empty_space height=&#8221;20px&#8221;][vc_single_image image=&#8221;1131&#8243; img_size=&#8221;full&#8221; alignment=&#8221;center&#8221; qode_css_animation=&#8221;&#8221; css=&#8221;.vc_custom_1554236535675{margin-top: 20px !important;margin-bottom: 20px !important;}&#8221;][vc_empty_space height=&#8221;15px&#8221;][vc_column_text css=&#8221;.vc_custom_1554236720362{margin-right: 22px !important;margin-left: 22px !important;}&#8221;]Si tienes una empresa o haces parte de una y quisieras ayudar podemos coordinar diferentes actividades que pueden ser financiadas de esta manera; ya sea como patrocinadores oficiales permanentes, para el sostenimiento de la fundaci\u00f3n y sus actividades o de manera espec\u00edfica para proyectos puntuales.[\/vc_column_text][vc_column_text css=&#8221;.vc_custom_1548433502124{margin-top: 20px !important;margin-right: 20px !important;margin-left: 20px !important;}&#8221;]<\/p>\n<h4 style=\"color: #f44253; font-size: 11pt; text-align: center;\">\u00a1TODA AYUDA ES BIENVENIDA!<\/h4>\n<p>[\/vc_column_text][vc_empty_space height=&#8221;&#8221; css=&#8221;.vc_custom_1555084121569{margin-top: 25% !important;}&#8221;]<a  itemprop=\"url\" href=\"https:\/\/fundacionemilio.org\/contacto\/\" target=\"_blank\" data-hover-background-color=#2fa86e data-hover-color=#ffffff class=\"qbutton  medium center default\" style=\"color: #ffffff; margin: 0; border-radius: 0px;-moz-border-radius: 0px;-webkit-border-radius: 0px; background-color: #f44253;\">SOLICITA M\u00c1S INFORMACI\u00d3N<\/a>[vc_empty_space height=&#8221;80px&#8221;][\/vc_column_inner][vc_column_inner width=&#8221;1\/3&#8243;][vc_column_text]<\/p>\n<h4 style=\"color: #f44253; font-size: 17pt; text-align: center;\">COMO VOCERO<\/h4>\n<p>[\/vc_column_text][vc_empty_space height=&#8221;20px&#8221;][vc_single_image image=&#8221;1130&#8243; img_size=&#8221;full&#8221; alignment=&#8221;center&#8221; qode_css_animation=&#8221;&#8221; css=&#8221;.vc_custom_1554236491701{margin-top: 20px !important;margin-bottom: 20px !important;}&#8221;][vc_empty_space height=&#8221;15px&#8221;][vc_column_text css=&#8221;.vc_custom_1548433621454{margin-right: 22px !important;margin-left: 22px !important;}&#8221;]Si eres un l\u00edder comunitario, artista, a alguien famoso que quiera contribuir con la fundaci\u00f3n para darla a conocer, explicar las ayuda que proporciona y tambi\u00e9n para participar en la recaudaci\u00f3n de fondos, comun\u00edcate con nosotros para que podamos unir fuerzas y tengamos un mayor y mejor impacto en nuestros ni\u00f1os.[\/vc_column_text][vc_empty_space height=&#8221;15px&#8221;][vc_column_text css=&#8221;.vc_custom_1553097923525{margin-top: 20px !important;margin-right: 20px !important;margin-left: 20px !important;}&#8221;]<\/p>\n<h4 style=\"color: #f44253; font-size: 11pt; text-align: center;\">S\u00c9 EL CAMBIO QUE QUIERES VER EN EL MUNDO<\/h4>\n<p>[\/vc_column_text][vc_empty_space height=&#8221;&#8221; css=&#8221;.vc_custom_1555083905049{margin-top: 20% !important;}&#8221;]<a  itemprop=\"url\" href=\"https:\/\/fundacionemilio.org\/contacto\/\" target=\"_blank\" data-hover-background-color=#2fa86e data-hover-color=#ffffff class=\"qbutton  medium center default\" style=\"color: #ffffff; margin: 0; border-radius: 0px;-moz-border-radius: 0px;-webkit-border-radius: 0px; background-color: #f44253;\">SOLICITA M\u00c1S INFORMACI\u00d3N<\/a>[vc_empty_space height=&#8221;80px&#8221;][\/vc_column_inner][\/vc_row_inner][\/vc_column][vc_column width=&#8221;1\/6&#8243;][\/vc_column][\/vc_row][vc_row css_animation=&#8221;&#8221; row_type=&#8221;row&#8221; use_row_as_full_screen_section=&#8221;no&#8221; type=&#8221;full_width&#8221; angled_section=&#8221;no&#8221; text_align=&#8221;left&#8221; background_image_as_pattern=&#8221;without_pattern&#8221; z_index=&#8221;&#8221;][vc_column parallax=&#8221;content-moving&#8221; parallax_image=&#8221;1032&#8243;][vc_empty_space height=&#8221;80px&#8221;][vc_column_text css=&#8221;.vc_custom_1553099533096{margin-top: 240px !important;margin-left: 70px !important;}&#8221;]<\/p>\n<h2 style=\"color: #ffffff; text-align: left; font-size: 52pt;\"><strong>Por que aqu\u00ed nadie se rinde<\/strong><\/h2>\n<p>[\/vc_column_text][vc_separator type=&#8221;small&#8221; position=&#8221;left&#8221; color=&#8221;#ffea55&#8243; thickness=&#8221;2&#8243; width=&#8221;650&#8243; up=&#8221;20&#8243;][vc_empty_space height=&#8221;60px&#8221;][\/vc_column][\/vc_row]<\/p>\n","protected":false},"excerpt":{"rendered":"<p>[vc_row css_animation=&#8221;&#8221; row_type=&#8221;row&#8221; use_row_as_full_screen_section=&#8221;no&#8221; type=&#8221;full_width&#8221; angled_section=&#8221;no&#8221; text_align=&#8221;left&#8221; background_image_as_pattern=&#8221;without_pattern&#8221;][vc_column][rev_slider_vc alias=&#8221;se-parte-de-nosotros&#8221;][\/vc_column][\/vc_row][vc_row css_animation=&#8221;&#8221; row_type=&#8221;row&#8221; use_row_as_full_screen_section=&#8221;no&#8221; type=&#8221;grid&#8221; angled_section=&#8221;no&#8221; text_align=&#8221;center&#8221; background_image_as_pattern=&#8221;without_pattern&#8221; padding_bottom=&#8221;39&#8243; css=&#8221;.vc_custom_1526025235376{background-color: #ffffff !important;background-position: center !important;background-repeat: no-repeat !important;background-size: cover !important;}&#8221; z_index=&#8221;4&#8243;][vc_column][vc_empty_space height=&#8221;60px&#8221;][vc_single_image image=&#8221;533&#8243; img_size=&#8221;large&#8221; alignment=&#8221;center&#8221; qode_css_animation=&#8221;&#8221;][vc_column_text] S\u00e9 parte de nosotros [\/vc_column_text][vc_empty_space][\/vc_column][\/vc_row][vc_row css_animation=&#8221;&#8221; row_type=&#8221;row&#8221; use_row_as_full_screen_section=&#8221;no&#8221; type=&#8221;full_width&#8221; angled_section=&#8221;no&#8221; text_align=&#8221;left&#8221; background_image_as_pattern=&#8221;without_pattern&#8221; css=&#8221;.vc_custom_1548346514118{background-color:&#8230;<\/p>\n","protected":false},"author":1,"featured_media":0,"parent":0,"menu_order":0,"comment_status":"closed","ping_status":"closed","template":"full_width.php","meta":{"footnotes":""},"class_list":["post-714","page","type-page","status-publish","hentry"],"_links":{"self":[{"href":"https:\/\/fundacionemilio.org\/en\/wp-json\/wp\/v2\/pages\/714","targetHints":{"allow":["GET"]}}],"collection":[{"href":"https:\/\/fundacionemilio.org\/en\/wp-json\/wp\/v2\/pages"}],"about":[{"href":"https:\/\/fundacionemilio.org\/en\/wp-json\/wp\/v2\/types\/page"}],"author":[{"embeddable":true,"href":"https:\/\/fundacionemilio.org\/en\/wp-json\/wp\/v2\/users\/1"}],"replies":[{"embeddable":true,"href":"https:\/\/fundacionemilio.org\/en\/wp-json\/wp\/v2\/comments?post=714"}],"version-history":[{"count":61,"href":"https:\/\/fundacionemilio.org\/en\/wp-json\/wp\/v2\/pages\/714\/revisions"}],"predecessor-version":[{"id":1844,"href":"https:\/\/fundacionemilio.org\/en\/wp-json\/wp\/v2\/pages\/714\/revisions\/1844"}],"wp:attachment":[{"href":"https:\/\/fundacionemilio.org\/en\/wp-json\/wp\/v2\/media?parent=714"}],"curies":[{"name":"wp","href":"https:\/\/api.w.org\/{rel}","templated":true}]}}